{"id":5460,"date":"2014-02-12T07:09:13","date_gmt":"2014-02-12T14:09:13","guid":{"rendered":"https:\/\/costaricatourismtransportation.com\/jaco-costa-rica-crocodile-tours\/"},"modified":"2020-09-24T13:12:19","modified_gmt":"2020-09-24T13:12:19","slug":"excursiones-de-cocodrilos","status":"publish","type":"page","link":"https:\/\/costaricatourismtransportation.com\/es\/excursiones-de-cocodrilos\/","title":{"rendered":"Excursiones de cocodrilos"},"content":{"rendered":"<p>[et_pb_section fb_built=\u00bb1&#8243; custom_padding_last_edited=\u00bbon|desktop\u00bb admin_label=\u00bbSection\u00bb _builder_version=\u00bb3.22&#8243; background_color=\u00bb#027a20&#8243; custom_padding=\u00bb21px|0px|2px|0px\u00bb custom_padding_tablet=\u00bb50px|0|50px|0&#8243; custom_padding_phone=\u00bb\u00bb transparent_background=\u00bboff\u00bb padding_mobile=\u00bboff\u00bb make_fullwidth=\u00bboff\u00bb use_custom_width=\u00bboff\u00bb width_unit=\u00bbon\u00bb custom_width_px=\u00bb1080px\u00bb custom_width_percent=\u00bb80%\u00bb][et_pb_row column_structure=\u00bb1_2,1_2&#8243; padding_mobile=\u00bboff\u00bb column_padding_mobile=\u00bbon\u00bb admin_label=\u00bbRow\u00bb _builder_version=\u00bb3.25&#8243; background_size=\u00bbinitial\u00bb background_position=\u00bbtop_left\u00bb background_repeat=\u00bbrepeat\u00bb make_fullwidth=\u00bboff\u00bb use_custom_width=\u00bboff\u00bb width_unit=\u00bboff\u00bb custom_width_px=\u00bb1080px\u00bb custom_width_percent=\u00bb80%\u00bb][et_pb_column type=\u00bb1_2&#8243; _builder_version=\u00bb3.25&#8243; custom_padding=\u00bb|||\u00bb custom_padding__hover=\u00bb|||\u00bb][et_pb_text admin_label=\u00bbText\u00bb _builder_version=\u00bb4.6.3&#8243; background_size=\u00bbinitial\u00bb background_position=\u00bbtop_left\u00bb background_repeat=\u00bbrepeat\u00bb background_layout=\u00bbdark\u00bb use_border_color=\u00bboff\u00bb border_style=\u00bbsolid\u00bb]<\/p>\n<h2>Tour de Cocodrilos\u00a0<\/h2>\n<p>&nbsp;<\/p>\n<p>Dependiendo de la \u00e9poca del a\u00f1o, el \u00abHombre Cocodrilo\u00bb puede sumergirse en el agua y sacar los dientes de leche para que usted los conserve. Este t\u00edo est\u00e1 loco. Tambi\u00e9n podr\u00e1 ver muchas aves y animales de los manglares.<\/p>\n<p>Este tour requiere aventureros de todas las edades y niveles de condici\u00f3n f\u00edsica. Es una celebraci\u00f3n divertida y educativa de medio d\u00eda de la incre\u00edble biodiversidad de Costa Rica.<\/p>\n<p>[\/et_pb_text][\/et_pb_column][et_pb_column type=\u00bb1_2&#8243; _builder_version=\u00bb3.25&#8243; custom_padding=\u00bb|||\u00bb custom_padding__hover=\u00bb|||\u00bb][et_pb_text admin_label=\u00bbText\u00bb _builder_version=\u00bb3.27.4&#8243; background_size=\u00bbinitial\u00bb background_position=\u00bbtop_left\u00bb background_repeat=\u00bbrepeat\u00bb use_border_color=\u00bboff\u00bb border_style=\u00bbsolid\u00bb]<iframe class=\"lazyload\" data-src=\"\/\/www.youtube.com\/embed\/BH4yQWGzs6I\" width=\"420\" height=\"315\" frameborder=\"0\" allowfullscreen=\"allowfullscreen\"><\/iframe><br \/>\n[\/et_pb_text][\/et_pb_column][\/et_pb_row][\/et_pb_section][et_pb_section fb_built=\u00bb1&#8243; custom_padding_last_edited=\u00bbon|desktop\u00bb admin_label=\u00bbSection\u00bb _builder_version=\u00bb3.22&#8243; custom_padding=\u00bb0px|0px|0px|0px\u00bb custom_padding_tablet=\u00bb50px|0|50px|0&#8243; custom_padding_phone=\u00bb\u00bb transparent_background=\u00bboff\u00bb padding_mobile=\u00bboff\u00bb make_fullwidth=\u00bboff\u00bb use_custom_width=\u00bboff\u00bb width_unit=\u00bboff\u00bb custom_width_px=\u00bb1080px\u00bb custom_width_percent=\u00bb80%\u00bb][et_pb_row padding_mobile=\u00bboff\u00bb column_padding_mobile=\u00bbon\u00bb admin_label=\u00bbRow\u00bb _builder_version=\u00bb3.25&#8243; background_size=\u00bbinitial\u00bb background_position=\u00bbtop_left\u00bb background_repeat=\u00bbrepeat\u00bb custom_padding=\u00bb24.517px|0px|0px|0px\u00bb make_fullwidth=\u00bboff\u00bb use_custom_width=\u00bboff\u00bb width_unit=\u00bboff\u00bb custom_width_px=\u00bb1080px\u00bb custom_width_percent=\u00bb80%\u00bb][et_pb_column type=\u00bb4_4&#8243; _builder_version=\u00bb3.25&#8243; custom_padding=\u00bb|||\u00bb custom_padding__hover=\u00bb|||\u00bb][et_pb_gallery gallery_ids=\u00bb4973,4974,4975,4976&#8243; show_title_and_caption=\u00bboff\u00bb show_pagination=\u00bboff\u00bb admin_label=\u00bbGallery\u00bb _builder_version=\u00bb3.0.87&#8243; use_border_color=\u00bboff\u00bb border_color=\u00bb#ffffff\u00bb border_width=\u00bb1px\u00bb border_style=\u00bbsolid\u00bb][\/et_pb_gallery][\/et_pb_column][\/et_pb_row][\/et_pb_section][et_pb_section fb_built=\u00bb1&#8243; admin_label=\u00bbsection\u00bb _builder_version=\u00bb3.22&#8243; background_color=\u00bb#eaeaea\u00bb transparent_background=\u00bboff\u00bb padding_mobile=\u00bboff\u00bb make_fullwidth=\u00bboff\u00bb use_custom_width=\u00bboff\u00bb width_unit=\u00bboff\u00bb custom_width_px=\u00bb1080px\u00bb custom_width_percent=\u00bb80%\u00bb][et_pb_row column_structure=\u00bb2_3,1_3&#8243; padding_mobile=\u00bboff\u00bb column_padding_mobile=\u00bbon\u00bb admin_label=\u00bbrow\u00bb _builder_version=\u00bb3.25&#8243; background_size=\u00bbinitial\u00bb background_position=\u00bbtop_left\u00bb background_repeat=\u00bbrepeat\u00bb make_fullwidth=\u00bboff\u00bb use_custom_width=\u00bboff\u00bb width_unit=\u00bboff\u00bb custom_width_px=\u00bb1080px\u00bb custom_width_percent=\u00bb80%\u00bb][et_pb_column type=\u00bb2_3&#8243; _builder_version=\u00bb3.25&#8243; custom_padding=\u00bb|||\u00bb custom_padding__hover=\u00bb|||\u00bb][et_pb_text admin_label=\u00bbText\u00bb _builder_version=\u00bb4.6.3&#8243; background_size=\u00bbinitial\u00bb background_position=\u00bbtop_left\u00bb background_repeat=\u00bbrepeat\u00bb use_border_color=\u00bboff\u00bb border_style=\u00bbsolid\u00bb]<\/p>\n<h3>Tarcoles Rive Costa Rica Crocodile Tours<\/h3>\n<p>Este emocionante recorrido incluye Crocodile Watch y muchos cerdos cocodrilos machos en la biodiversidad del Tour del Hombre Cocodrilo del R\u00edo T\u00e1rcoles. Mira este video de cocodrilo Man en acci\u00f3n<\/p>\n<p>La proximidad del r\u00edo T\u00e1rcoles, a solo 15 minutos de el centro de jaco, alberga una de las poblaciones de cocodrilos americanos m\u00e1s grandes del mundo.<\/p>\n<p>\u00a1Algunas de las personas aqu\u00ed miden hasta cinco metros de largo! Dar un paseo en bote por el bosque de manglares es una excelente manera de ver estas criaturas prehist\u00f3ricas. No han cambiado mucho en 200 millones de a\u00f1os.<\/p>\n<p>Su gu\u00eda para esta aventura ser\u00e1 el conocido \u00abHombre Cocodrilo\u00bb. Te mostrar\u00e9 d\u00f3nde viven, c\u00f3mo cr\u00edan a sus cr\u00edas y c\u00f3mo y qu\u00e9 comen. \u00a1Me voy a meter en el r\u00edo mientras el bote para alimentarlos a mano! Es un espect\u00e1culo incre\u00edble, no para los d\u00e9biles de coraz\u00f3n.<\/p>\n<p>[\/et_pb_text][\/et_pb_column][et_pb_column type=\u00bb1_3&#8243; _builder_version=\u00bb3.25&#8243; custom_padding=\u00bb|||\u00bb custom_padding__hover=\u00bb|||\u00bb][et_pb_text _builder_version=\u00bb4.6.3&#8243; _module_preset=\u00bbdefault\u00bb background_color=\u00bb#ffffff\u00bb border_width_all=\u00bb7px\u00bb border_color_all=\u00bb#ffffff\u00bb locked=\u00bboff\u00bb]<\/p>\n<p style=\"text-align: center;\">\n<p style=\"text-align: center;\"><span style=\"font-size: 24pt;\"><strong>\u00a1Reserva o consulta!<\/strong><\/span><\/p>\n<p style=\"text-align: center;\"><script type=\"text\/javascript\">var gform;gform||(document.addEventListener(\"gform_main_scripts_loaded\",function(){gform.scriptsLoaded=!0}),window.addEventListener(\"DOMContentLoaded\",function(){gform.domLoaded=!0}),gform={domLoaded:!1,scriptsLoaded:!1,initializeOnLoaded:function(o){gform.domLoaded&&gform.scriptsLoaded?o():!gform.domLoaded&&gform.scriptsLoaded?window.addEventListener(\"DOMContentLoaded\",o):document.addEventListener(\"gform_main_scripts_loaded\",o)},hooks:{action:{},filter:{}},addAction:function(o,n,r,t){gform.addHook(\"action\",o,n,r,t)},addFilter:function(o,n,r,t){gform.addHook(\"filter\",o,n,r,t)},doAction:function(o){gform.doHook(\"action\",o,arguments)},applyFilters:function(o){return gform.doHook(\"filter\",o,arguments)},removeAction:function(o,n){gform.removeHook(\"action\",o,n)},removeFilter:function(o,n,r){gform.removeHook(\"filter\",o,n,r)},addHook:function(o,n,r,t,i){null==gform.hooks[o][n]&&(gform.hooks[o][n]=[]);var e=gform.hooks[o][n];null==i&&(i=n+\"_\"+e.length),gform.hooks[o][n].push({tag:i,callable:r,priority:t=null==t?10:t})},doHook:function(n,o,r){var t;if(r=Array.prototype.slice.call(r,1),null!=gform.hooks[n][o]&&((o=gform.hooks[n][o]).sort(function(o,n){return o.priority-n.priority}),o.forEach(function(o){\"function\"!=typeof(t=o.callable)&&(t=window[t]),\"action\"==n?t.apply(null,r):r[0]=t.apply(null,r)})),\"filter\"==n)return r[0]},removeHook:function(o,n,t,i){var r;null!=gform.hooks[o][n]&&(r=(r=gform.hooks[o][n]).filter(function(o,n,r){return!!(null!=i&&i!=o.tag||null!=t&&t!=o.priority)}),gform.hooks[o][n]=r)}});<\/script>\n                <div class='gf_browser_gecko gform_wrapper gform_legacy_markup_wrapper gform-theme--no-framework' data-form-theme='legacy' data-form-index='0' id='gform_wrapper_5' ><form method='post' enctype='multipart\/form-data'  id='gform_5'  action='\/es\/wp-json\/wp\/v2\/pages\/5460' data-formid='5' > \r\n <input type='hidden' class='gforms-pum' value='{\"closepopup\":false,\"closedelay\":0,\"openpopup\":false,\"openpopup_id\":0}' \/>\n                        <div class='gform-body gform_body'><ul id='gform_fields_5' class='gform_fields top_label form_sublabel_below description_below'><li id=\"field_5_1\"  class=\"gfield gfield--type-name gfield_contains_required field_sublabel_below gfield--no-description field_description_below gfield_visibility_visible\"  data-js-reload=\"field_5_1\"><label class='gfield_label gform-field-label gfield_label_before_complex'  >Nombre<span class=\"gfield_required\"><span class=\"gfield_required gfield_required_asterisk\">*<\/span><\/span><\/label><div class='ginput_complex ginput_container ginput_container--name no_prefix has_first_name no_middle_name no_last_name no_suffix gf_name_has_1 ginput_container_name gform-grid-row' id='input_5_1'>\n                            \n                            <span id='input_5_1_3_container' class='name_first gform-grid-col gform-grid-col--size-auto' >\n                                                    <input type='text' name='input_1.3' id='input_5_1_3' value=''   aria-required='true'     \/>\n                                                    <label for='input_5_1_3' class='gform-field-label gform-field-label--type-sub '>Nombre<\/label>\n                                                <\/span>\n                            \n                            \n                            \n                        <\/div><\/li><li id=\"field_5_2\"  class=\"gfield gfield--type-email gfield_contains_required field_sublabel_below gfield--no-description field_description_below gfield_visibility_visible\"  data-js-reload=\"field_5_2\"><label class='gfield_label gform-field-label' for='input_5_2' >Email<span class=\"gfield_required\"><span class=\"gfield_required gfield_required_asterisk\">*<\/span><\/span><\/label><div class='ginput_container ginput_container_email'>\n                            <input name='input_2' id='input_5_2' type='text' value='' class='large'    aria-required=\"true\" aria-invalid=\"false\"  \/>\n                        <\/div><\/li><li id=\"field_5_3\"  class=\"gfield gfield--type-phone field_sublabel_below gfield--no-description field_description_below gfield_visibility_visible\"  data-js-reload=\"field_5_3\"><label class='gfield_label gform-field-label' for='input_5_3' >Tel\u00e9fono de contacto<\/label><div class='ginput_container ginput_container_phone'><input name='input_3' id='input_5_3' type='text' value='' class='medium'    aria-invalid=\"false\"   \/><\/div><\/li><li id=\"field_5_4\"  class=\"gfield gfield--type-textarea gfield_contains_required field_sublabel_below gfield--no-description field_description_below gfield_visibility_visible\"  data-js-reload=\"field_5_4\"><label class='gfield_label gform-field-label' for='input_5_4' >Comentarios o mensaje<span class=\"gfield_required\"><span class=\"gfield_required gfield_required_asterisk\">*<\/span><\/span><\/label><div class='ginput_container ginput_container_textarea'><textarea name='input_4' id='input_5_4' class='textarea medium'     aria-required=\"true\" aria-invalid=\"false\"   rows='10' cols='50'><\/textarea><\/div><\/li><li id=\"field_5_5\"  class=\"gfield gfield--type-hidden gform_hidden field_sublabel_below gfield--no-description field_description_below gfield_visibility_visible\"  data-js-reload=\"field_5_5\"><div class='ginput_container ginput_container_text'><input name='input_5' id='input_5_5' type='hidden' class='gform_hidden'  aria-invalid=\"false\" value='' \/><\/div><\/li><li id=\"field_5_6\"  class=\"gfield gfield--type-honeypot gform_validation_container field_sublabel_below gfield--has-description field_description_below gfield_visibility_visible\"  data-js-reload=\"field_5_6\"><label class='gfield_label gform-field-label' for='input_5_6' >Phone<\/label><div class='ginput_container'><input name='input_6' id='input_5_6' type='text' value='' \/><\/div><div class='gfield_description' id='gfield_description_5_6'>Este campo es un campo de validaci\u00f3n y debe quedar sin cambios.<\/div><\/li><\/ul><\/div>\n        <div class='gform_footer top_label'> <input type='submit' id='gform_submit_button_5' class='gform_button button' value='ENVIAR!'  onclick='if(window[\"gf_submitting_5\"]){return false;}  window[\"gf_submitting_5\"]=true;  ' onkeypress='if( event.keyCode == 13 ){ if(window[\"gf_submitting_5\"]){return false;} window[\"gf_submitting_5\"]=true;  jQuery(\"#gform_5\").trigger(\"submit\",[true]); }' \/> \n            <input type='hidden' class='gform_hidden' name='is_submit_5' value='1' \/>\n            <input type='hidden' class='gform_hidden' name='gform_submit' value='5' \/>\n            \n            <input type='hidden' class='gform_hidden' name='gform_unique_id' value='' \/>\n            <input type='hidden' class='gform_hidden' name='state_5' value='WyJbXSIsIjY3ZTdlYzU1YjU0Y2YzNjg3YTQwNWVlYWE5Yjc5N2IyIl0=' \/>\n            <input type='hidden' class='gform_hidden' name='gform_target_page_number_5' id='gform_target_page_number_5' value='0' \/>\n            <input type='hidden' class='gform_hidden' name='gform_source_page_number_5' id='gform_source_page_number_5' value='1' \/>\n            <input type='hidden' name='gform_field_values' value='' \/>\n            \n        <\/div>\n                        <p style=\"display: none !important;\" class=\"akismet-fields-container\" data-prefix=\"ak_\"><label>&#916;<textarea name=\"ak_hp_textarea\" cols=\"45\" rows=\"8\" maxlength=\"100\"><\/textarea><\/label><input type=\"hidden\" id=\"ak_js_1\" name=\"ak_js\" value=\"50\"\/><script>document.getElementById( \"ak_js_1\" ).setAttribute( \"value\", ( new Date() ).getTime() );<\/script><\/p><\/form>\n                        <\/div><script type=\"text\/javascript\">\n\/* <![CDATA[ *\/\n gform.initializeOnLoaded( function() {gformInitSpinner( 5, 'https:\/\/costaricatourismtransportation.com\/wp-content\/plugins\/gravityforms\/images\/spinner.svg', true );jQuery('#gform_ajax_frame_5').on('load',function(){var contents = jQuery(this).contents().find('*').html();var is_postback = contents.indexOf('GF_AJAX_POSTBACK') >= 0;if(!is_postback){return;}var form_content = jQuery(this).contents().find('#gform_wrapper_5');var is_confirmation = jQuery(this).contents().find('#gform_confirmation_wrapper_5').length > 0;var is_redirect = contents.indexOf('gformRedirect(){') >= 0;var is_form = form_content.length > 0 && ! is_redirect && ! is_confirmation;var mt = parseInt(jQuery('html').css('margin-top'), 10) + parseInt(jQuery('body').css('margin-top'), 10) + 100;if(is_form){jQuery('#gform_wrapper_5').html(form_content.html());if(form_content.hasClass('gform_validation_error')){jQuery('#gform_wrapper_5').addClass('gform_validation_error');} else {jQuery('#gform_wrapper_5').removeClass('gform_validation_error');}setTimeout( function() { \/* delay the scroll by 50 milliseconds to fix a bug in chrome *\/  }, 50 );if(window['gformInitDatepicker']) {gformInitDatepicker();}if(window['gformInitPriceFields']) {gformInitPriceFields();}var current_page = jQuery('#gform_source_page_number_5').val();gformInitSpinner( 5, 'https:\/\/costaricatourismtransportation.com\/wp-content\/plugins\/gravityforms\/images\/spinner.svg', true );jQuery(document).trigger('gform_page_loaded', [5, current_page]);window['gf_submitting_5'] = false;}else if(!is_redirect){var confirmation_content = jQuery(this).contents().find('.GF_AJAX_POSTBACK').html();if(!confirmation_content){confirmation_content = contents;}setTimeout(function(){jQuery('#gform_wrapper_5').replaceWith(confirmation_content);jQuery(document).trigger('gform_confirmation_loaded', [5]);window['gf_submitting_5'] = false;wp.a11y.speak(jQuery('#gform_confirmation_message_5').text());}, 50);}else{jQuery('#gform_5').append(contents);if(window['gformRedirect']) {gformRedirect();}}jQuery(document).trigger('gform_post_render', [5, current_page]);gform.utils.trigger({ event: 'gform\/postRender', native: false, data: { formId: 5, currentPage: current_page } });} );} ); \n\/* ]]> *\/\n<\/script>\n<\/p>\n<p>[\/et_pb_text][\/et_pb_column][\/et_pb_row][\/et_pb_section]<\/p>\n","protected":false},"excerpt":{"rendered":"<p>Tour de Cocodrilos\u00a0 &nbsp; Dependiendo de la \u00e9poca del a\u00f1o, el \u00abHombre Cocodrilo\u00bb puede sumergirse en el agua y sacar los dientes de leche para que usted los conserve. Este t\u00edo est\u00e1 loco. Tambi\u00e9n podr\u00e1 ver muchas aves y animales de los manglares. Este tour requiere aventureros de todas las edades y niveles de condici\u00f3n [&hellip;]<\/p>\n","protected":false},"author":2,"featured_media":0,"parent":0,"menu_order":0,"comment_status":"closed","ping_status":"open","template":"","meta":{"_et_pb_use_builder":"on","_et_pb_old_content":"<h2>Tarcoles Rive Costa Rica Crocodile Tours<\/h2><p>This exciting tour includes Crocodile Watch and many male-crocodile pigs on the biodiversity of the T\u00e1rcoles River Crocodile Man Tour. Watch this video of crocodile Man in Action:<\/p><p>The proximity of the T\u00e1rcoles River, just 15 minutes from Jaco Costa Rica Hotel Poseidon, houses one of the largest populations of American crocodiles in the world. Some of the people here are as big as eighteen feet long! Take a boat ride through the mangrove forest is a great way to see these prehistoric creatures. They have not changed much in 200 million years.<\/p><p>Your guide to this adventure will be the well-known \"Crocodile Man\". I'll show you where they live, how they raise their young, and how and what they eat. I'm going to get into the river while the boat to feed them by hand! It is an incredible spectacle, not for the faint of heart.<\/p><p>Depending on the time of year, \"Crocodile Man\" can dive into the water and bring out the baby teeth for you to keep. This guy is crazy. You will also be able to see many birds and animals from the mangroves. This tour requires adventurers of all ages and fitness levels. It is a fun and educational half-day celebration of Costa Rica's incredible biodiversity.<\/p>","_et_gb_content_width":"","jetpack_post_was_ever_published":false,"footnotes":""},"class_list":["post-5460","page","type-page","status-publish","hentry"],"yoast_head":"<!-- This site is optimized with the Yoast SEO plugin v26.9 - https:\/\/yoast.com\/product\/yoast-seo-wordpress\/ -->\n<title>Playa Jaco Tour de Cocodrilos | Alimentar a mano cocodrilo GIGANTE<\/title>\n<meta name=\"description\" content=\"Tour de Crocodilos, \u00a1Ac\u00e9rquese a cocodrilos americanos de todos los tama\u00f1os y observe una gran cantidad de hermosas aves ex\u00f3ticas!\" \/>\n<meta name=\"robots\" content=\"index, follow, max-snippet:-1, max-image-preview:large, max-video-preview:-1\" \/>\n<link rel=\"canonical\" href=\"https:\/\/costaricatourismtransportation.com\/es\/excursiones-de-cocodrilos\/\" \/>\n<meta property=\"og:locale\" content=\"es_ES\" \/>\n<meta property=\"og:type\" content=\"article\" \/>\n<meta property=\"og:title\" content=\"Playa Jaco Tour de Cocodrilos | Alimentar a mano cocodrilo GIGANTE\" \/>\n<meta property=\"og:description\" content=\"Tour de Crocodilos, \u00a1Ac\u00e9rquese a cocodrilos americanos de todos los tama\u00f1os y observe una gran cantidad de hermosas aves ex\u00f3ticas!\" \/>\n<meta property=\"og:url\" content=\"https:\/\/costaricatourismtransportation.com\/es\/excursiones-de-cocodrilos\/\" \/>\n<meta property=\"og:site_name\" content=\"Costa Rica Private Trasnportation and Tours\" \/>\n<meta property=\"article:modified_time\" content=\"2020-09-24T13:12:19+00:00\" \/>\n<meta name=\"twitter:card\" content=\"summary_large_image\" \/>\n<meta name=\"twitter:label1\" content=\"Tiempo de lectura\" \/>\n\t<meta name=\"twitter:data1\" content=\"4 minutos\" \/>\n<script type=\"application\/ld+json\" class=\"yoast-schema-graph\">{\"@context\":\"https:\/\/schema.org\",\"@graph\":[{\"@type\":\"WebPage\",\"@id\":\"https:\/\/costaricatourismtransportation.com\/es\/excursiones-de-cocodrilos\/\",\"url\":\"https:\/\/costaricatourismtransportation.com\/es\/excursiones-de-cocodrilos\/\",\"name\":\"Playa Jaco Tour de Cocodrilos | Alimentar a mano cocodrilo GIGANTE\",\"isPartOf\":{\"@id\":\"https:\/\/costaricatourismtransportation.com\/es\/#website\"},\"datePublished\":\"2014-02-12T14:09:13+00:00\",\"dateModified\":\"2020-09-24T13:12:19+00:00\",\"description\":\"Tour de Crocodilos, \u00a1Ac\u00e9rquese a cocodrilos americanos de todos los tama\u00f1os y observe una gran cantidad de hermosas aves ex\u00f3ticas!\",\"breadcrumb\":{\"@id\":\"https:\/\/costaricatourismtransportation.com\/es\/excursiones-de-cocodrilos\/#breadcrumb\"},\"inLanguage\":\"es\",\"potentialAction\":[{\"@type\":\"ReadAction\",\"target\":[\"https:\/\/costaricatourismtransportation.com\/es\/excursiones-de-cocodrilos\/\"]}]},{\"@type\":\"BreadcrumbList\",\"@id\":\"https:\/\/costaricatourismtransportation.com\/es\/excursiones-de-cocodrilos\/#breadcrumb\",\"itemListElement\":[{\"@type\":\"ListItem\",\"position\":1,\"name\":\"Home\",\"item\":\"https:\/\/costaricatourismtransportation.com\/es\/\"},{\"@type\":\"ListItem\",\"position\":2,\"name\":\"Excursiones de cocodrilos\"}]},{\"@type\":\"WebSite\",\"@id\":\"https:\/\/costaricatourismtransportation.com\/es\/#website\",\"url\":\"https:\/\/costaricatourismtransportation.com\/es\/\",\"name\":\"Costa Rica Private Trasnportation and Tours\",\"description\":\"Jaco Beach Transfers\",\"potentialAction\":[{\"@type\":\"SearchAction\",\"target\":{\"@type\":\"EntryPoint\",\"urlTemplate\":\"https:\/\/costaricatourismtransportation.com\/es\/?s={search_term_string}\"},\"query-input\":{\"@type\":\"PropertyValueSpecification\",\"valueRequired\":true,\"valueName\":\"search_term_string\"}}],\"inLanguage\":\"es\"}]}<\/script>\n<!-- \/ Yoast SEO plugin. -->","yoast_head_json":{"title":"Playa Jaco Tour de Cocodrilos | Alimentar a mano cocodrilo GIGANTE","description":"Tour de Crocodilos, \u00a1Ac\u00e9rquese a cocodrilos americanos de todos los tama\u00f1os y observe una gran cantidad de hermosas aves ex\u00f3ticas!","robots":{"index":"index","follow":"follow","max-snippet":"max-snippet:-1","max-image-preview":"max-image-preview:large","max-video-preview":"max-video-preview:-1"},"canonical":"https:\/\/costaricatourismtransportation.com\/es\/excursiones-de-cocodrilos\/","og_locale":"es_ES","og_type":"article","og_title":"Playa Jaco Tour de Cocodrilos | Alimentar a mano cocodrilo GIGANTE","og_description":"Tour de Crocodilos, \u00a1Ac\u00e9rquese a cocodrilos americanos de todos los tama\u00f1os y observe una gran cantidad de hermosas aves ex\u00f3ticas!","og_url":"https:\/\/costaricatourismtransportation.com\/es\/excursiones-de-cocodrilos\/","og_site_name":"Costa Rica Private Trasnportation and Tours","article_modified_time":"2020-09-24T13:12:19+00:00","twitter_card":"summary_large_image","twitter_misc":{"Tiempo de lectura":"4 minutos"},"schema":{"@context":"https:\/\/schema.org","@graph":[{"@type":"WebPage","@id":"https:\/\/costaricatourismtransportation.com\/es\/excursiones-de-cocodrilos\/","url":"https:\/\/costaricatourismtransportation.com\/es\/excursiones-de-cocodrilos\/","name":"Playa Jaco Tour de Cocodrilos | Alimentar a mano cocodrilo GIGANTE","isPartOf":{"@id":"https:\/\/costaricatourismtransportation.com\/es\/#website"},"datePublished":"2014-02-12T14:09:13+00:00","dateModified":"2020-09-24T13:12:19+00:00","description":"Tour de Crocodilos, \u00a1Ac\u00e9rquese a cocodrilos americanos de todos los tama\u00f1os y observe una gran cantidad de hermosas aves ex\u00f3ticas!","breadcrumb":{"@id":"https:\/\/costaricatourismtransportation.com\/es\/excursiones-de-cocodrilos\/#breadcrumb"},"inLanguage":"es","potentialAction":[{"@type":"ReadAction","target":["https:\/\/costaricatourismtransportation.com\/es\/excursiones-de-cocodrilos\/"]}]},{"@type":"BreadcrumbList","@id":"https:\/\/costaricatourismtransportation.com\/es\/excursiones-de-cocodrilos\/#breadcrumb","itemListElement":[{"@type":"ListItem","position":1,"name":"Home","item":"https:\/\/costaricatourismtransportation.com\/es\/"},{"@type":"ListItem","position":2,"name":"Excursiones de cocodrilos"}]},{"@type":"WebSite","@id":"https:\/\/costaricatourismtransportation.com\/es\/#website","url":"https:\/\/costaricatourismtransportation.com\/es\/","name":"Costa Rica Private Trasnportation and Tours","description":"Jaco Beach Transfers","potentialAction":[{"@type":"SearchAction","target":{"@type":"EntryPoint","urlTemplate":"https:\/\/costaricatourismtransportation.com\/es\/?s={search_term_string}"},"query-input":{"@type":"PropertyValueSpecification","valueRequired":true,"valueName":"search_term_string"}}],"inLanguage":"es"}]}},"jetpack_sharing_enabled":true,"jetpack_shortlink":"https:\/\/wp.me\/P7Ar4B-1q4","_links":{"self":[{"href":"https:\/\/costaricatourismtransportation.com\/es\/wp-json\/wp\/v2\/pages\/5460","targetHints":{"allow":["GET"]}}],"collection":[{"href":"https:\/\/costaricatourismtransportation.com\/es\/wp-json\/wp\/v2\/pages"}],"about":[{"href":"https:\/\/costaricatourismtransportation.com\/es\/wp-json\/wp\/v2\/types\/page"}],"author":[{"embeddable":true,"href":"https:\/\/costaricatourismtransportation.com\/es\/wp-json\/wp\/v2\/users\/2"}],"replies":[{"embeddable":true,"href":"https:\/\/costaricatourismtransportation.com\/es\/wp-json\/wp\/v2\/comments?post=5460"}],"version-history":[{"count":3,"href":"https:\/\/costaricatourismtransportation.com\/es\/wp-json\/wp\/v2\/pages\/5460\/revisions"}],"predecessor-version":[{"id":5468,"href":"https:\/\/costaricatourismtransportation.com\/es\/wp-json\/wp\/v2\/pages\/5460\/revisions\/5468"}],"wp:attachment":[{"href":"https:\/\/costaricatourismtransportation.com\/es\/wp-json\/wp\/v2\/media?parent=5460"}],"curies":[{"name":"wp","href":"https:\/\/api.w.org\/{rel}","templated":true}]}}