{"id":5500,"date":"2014-02-12T07:16:23","date_gmt":"2014-02-12T14:16:23","guid":{"rendered":"https:\/\/costaricatourismtransportation.com\/arenal-volcano-costa-rica-tours\/"},"modified":"2020-09-24T20:24:28","modified_gmt":"2020-09-24T20:24:28","slug":"excurison-al-volcan-arenal","status":"publish","type":"page","link":"https:\/\/costaricatourismtransportation.com\/es\/excurison-al-volcan-arenal\/","title":{"rendered":"Excurison al Volcan Arenal"},"content":{"rendered":"<p>[et_pb_section fb_built=\u00bb1&#8243; admin_label=\u00bbSection\u00bb _builder_version=\u00bb3.22&#8243; background_color=\u00bbrgba(21,109,16,0.9)\u00bb transparent_background=\u00bboff\u00bb padding_mobile=\u00bboff\u00bb make_fullwidth=\u00bboff\u00bb use_custom_width=\u00bboff\u00bb width_unit=\u00bbon\u00bb custom_width_px=\u00bb1080px\u00bb custom_width_percent=\u00bb80%\u00bb][et_pb_row column_structure=\u00bb1_2,1_2&#8243; padding_mobile=\u00bboff\u00bb column_padding_mobile=\u00bbon\u00bb admin_label=\u00bbRow\u00bb _builder_version=\u00bb3.25&#8243; background_size=\u00bbinitial\u00bb background_position=\u00bbtop_left\u00bb background_repeat=\u00bbrepeat\u00bb make_fullwidth=\u00bboff\u00bb use_custom_width=\u00bboff\u00bb width_unit=\u00bboff\u00bb custom_width_px=\u00bb1080px\u00bb custom_width_percent=\u00bb80%\u00bb][et_pb_column type=\u00bb1_2&#8243; _builder_version=\u00bb3.25&#8243; custom_padding=\u00bb|||\u00bb custom_padding__hover=\u00bb|||\u00bb][et_pb_text admin_label=\u00bbText\u00bb _builder_version=\u00bb4.6.3&#8243; background_size=\u00bbinitial\u00bb background_position=\u00bbtop_left\u00bb background_repeat=\u00bbrepeat\u00bb background_layout=\u00bbdark\u00bb hover_enabled=\u00bb0&#8243; use_border_color=\u00bboff\u00bb border_style=\u00bbsolid\u00bb sticky_enabled=\u00bb0&#8243;]<\/p>\n<h2>Tour de un d\u00eda por al Volcan Arenal<\/h2>\n<p>Arenal es una de las maravillas naturales m\u00e1s hermosas de Costa Rica. Alberga tanto los pa\u00edses m\u00e1s activos (y la imagen perfecta) como su volc\u00e1n lacustre m\u00e1s grande. Las monta\u00f1as aqu\u00ed est\u00e1n cubiertas de bosques tropicales vibrantes y la diversidad de animales y plantas es abundante. Por esta raz\u00f3n, cualquier viaje a Costa Rica es, en muchos sentidos, incompleto sin una visita al Arenal.<\/p>\n<p>[\/et_pb_text][\/et_pb_column][et_pb_column type=\u00bb1_2&#8243; _builder_version=\u00bb3.25&#8243; custom_padding=\u00bb|||\u00bb custom_padding__hover=\u00bb|||\u00bb][et_pb_text admin_label=\u00bbText\u00bb _builder_version=\u00bb3.27.4&#8243; background_size=\u00bbinitial\u00bb background_position=\u00bbtop_left\u00bb background_repeat=\u00bbrepeat\u00bb use_border_color=\u00bboff\u00bb border_style=\u00bbsolid\u00bb]<iframe class=\"lazyload\" data-src=\"https:\/\/www.youtube.com\/embed\/7siTHhzsLfw\" width=\"560\" height=\"315\" frameborder=\"0\" allowfullscreen=\"allowfullscreen\"><\/iframe><br \/>\n[\/et_pb_text][\/et_pb_column][\/et_pb_row][\/et_pb_section][et_pb_section fb_built=\u00bb1&#8243; custom_padding_last_edited=\u00bbon|desktop\u00bb admin_label=\u00bbSection\u00bb _builder_version=\u00bb3.22&#8243; background_color=\u00bb#d6d6d6&#8243; custom_padding=\u00bb0px|0px|0px|0px\u00bb custom_padding_tablet=\u00bb50px|0|50px|0&#8243; custom_padding_phone=\u00bb\u00bb transparent_background=\u00bboff\u00bb padding_mobile=\u00bboff\u00bb make_fullwidth=\u00bboff\u00bb use_custom_width=\u00bboff\u00bb width_unit=\u00bbon\u00bb custom_width_px=\u00bb1080px\u00bb custom_width_percent=\u00bb80%\u00bb][et_pb_row padding_mobile=\u00bboff\u00bb column_padding_mobile=\u00bbon\u00bb admin_label=\u00bbRow\u00bb _builder_version=\u00bb3.25&#8243; background_size=\u00bbinitial\u00bb background_position=\u00bbtop_left\u00bb background_repeat=\u00bbrepeat\u00bb custom_padding=\u00bb14px|0px|0px|0px\u00bb make_fullwidth=\u00bboff\u00bb use_custom_width=\u00bboff\u00bb width_unit=\u00bboff\u00bb custom_width_px=\u00bb1080px\u00bb custom_width_percent=\u00bb80%\u00bb][et_pb_column type=\u00bb4_4&#8243; _builder_version=\u00bb3.25&#8243; custom_padding=\u00bb|||\u00bb custom_padding__hover=\u00bb|||\u00bb][et_pb_gallery gallery_ids=\u00bb5009,5010,5011,5012&#8243; show_title_and_caption=\u00bboff\u00bb admin_label=\u00bbGallery\u00bb _builder_version=\u00bb3.0.87&#8243; use_border_color=\u00bboff\u00bb border_color=\u00bb#ffffff\u00bb border_width=\u00bb1px\u00bb border_style=\u00bbsolid\u00bb][\/et_pb_gallery][\/et_pb_column][\/et_pb_row][\/et_pb_section][et_pb_section fb_built=\u00bb1&#8243; admin_label=\u00bbsection\u00bb _builder_version=\u00bb3.22&#8243; background_color=\u00bb#eaeaea\u00bb transparent_background=\u00bboff\u00bb padding_mobile=\u00bboff\u00bb make_fullwidth=\u00bboff\u00bb use_custom_width=\u00bboff\u00bb width_unit=\u00bboff\u00bb custom_width_px=\u00bb1080px\u00bb custom_width_percent=\u00bb80%\u00bb][et_pb_row column_structure=\u00bb2_3,1_3&#8243; padding_mobile=\u00bboff\u00bb column_padding_mobile=\u00bbon\u00bb admin_label=\u00bbrow\u00bb _builder_version=\u00bb4.6.3&#8243; background_size=\u00bbinitial\u00bb background_position=\u00bbtop_left\u00bb background_repeat=\u00bbrepeat\u00bb make_fullwidth=\u00bboff\u00bb use_custom_width=\u00bboff\u00bb width_unit=\u00bboff\u00bb custom_width_px=\u00bb1080px\u00bb custom_width_percent=\u00bb80%\u00bb][et_pb_column type=\u00bb2_3&#8243; _builder_version=\u00bb3.25&#8243; custom_padding=\u00bb|||\u00bb custom_padding__hover=\u00bb|||\u00bb][et_pb_text admin_label=\u00bbText\u00bb _builder_version=\u00bb4.6.3&#8243; background_size=\u00bbinitial\u00bb background_position=\u00bbtop_left\u00bb background_repeat=\u00bbrepeat\u00bb hover_enabled=\u00bb0&#8243; use_border_color=\u00bboff\u00bb border_style=\u00bbsolid\u00bb sticky_enabled=\u00bb0&#8243;]<\/p>\n<p>Salimos de Playa Jaco a las 7 am a uno de los d\u00edas de env\u00edo m\u00e1s exuberantes de toda Costa Rica.<\/p>\n<h3>Tours al Volc\u00e1n Arenal<\/h3>\n<p><strong>Detalles<\/strong><br \/><strong>Precio:<\/strong> $ 145<br \/><strong>Tiempo de lapso del tour:<\/strong> Todo el d\u00eda Hora de salida: 7:30 am Regreso: 7:30 pm<br \/>Incluye transporte con aire acondicionado, gu\u00eda biling\u00fce y entrada al balneario de aguas termales baldy, uno de los mejores lugares de la ciudad de fortuna junto al volc\u00e1n &#8230;<br \/>El Parque Nacional del Volc\u00e1n Arenal se encuentra ubicado en el distrito de La Fortuna en la provincia de Alajuela y es uno de los lugares m\u00e1s visitados del pa\u00eds por el volc\u00e1n que fluye con aguas termales y r\u00edos de lava.<\/p>\n<p>Este tour permite a los viajeros experimentar los mejores aspectos del Arenal. Comienza con una caminata cerca del Parque Nacional Volc\u00e1n Arenal. En este caso, tendr\u00e1s que caminar entre los restos de la hist\u00f3rica erupci\u00f3n de 1968 y, dependiendo del clima, la oportunidad de ver el volc\u00e1n en acci\u00f3n: humo saliendo de su cumbre y flujos pirocl\u00e1sticos cayendo de costado. En el camino a la caminata, atravesar\u00e1 el lago Arenal y el testimonio de sus hermosas y expansivas aguas.<\/p>\n<p>En este tour podremos nadar en el r\u00edo en agua caliente de Tabac\u00f3n, disfrutaremos del lago m\u00e1s grande de Centroam\u00e9rica, que es el hecho por el hombre para generar electricidad.<\/p>\n<p>[\/et_pb_text][\/et_pb_column][et_pb_column type=\u00bb1_3&#8243; _builder_version=\u00bb4.6.3&#8243; background_color=\u00bb#e09900&#8243; custom_padding=\u00bb|||\u00bb border_width_all=\u00bb5px\u00bb border_color_all=\u00bb#e09900&#8243; custom_padding__hover=\u00bb|||\u00bb][et_pb_text _builder_version=\u00bb4.6.3&#8243; background_layout=\u00bbdark\u00bb hover_enabled=\u00bb0&#8243; border_style=\u00bbsolid\u00bb locked=\u00bboff\u00bb sticky_enabled=\u00bb0&#8243;]<\/p>\n<p>&nbsp;<\/p>\n<p style=\"text-align: center;\"><span style=\"font-size: 18pt;\">\u00a1Reserva o Consulta!<\/span><br \/><script type=\"text\/javascript\">var gform;gform||(document.addEventListener(\"gform_main_scripts_loaded\",function(){gform.scriptsLoaded=!0}),window.addEventListener(\"DOMContentLoaded\",function(){gform.domLoaded=!0}),gform={domLoaded:!1,scriptsLoaded:!1,initializeOnLoaded:function(o){gform.domLoaded&&gform.scriptsLoaded?o():!gform.domLoaded&&gform.scriptsLoaded?window.addEventListener(\"DOMContentLoaded\",o):document.addEventListener(\"gform_main_scripts_loaded\",o)},hooks:{action:{},filter:{}},addAction:function(o,n,r,t){gform.addHook(\"action\",o,n,r,t)},addFilter:function(o,n,r,t){gform.addHook(\"filter\",o,n,r,t)},doAction:function(o){gform.doHook(\"action\",o,arguments)},applyFilters:function(o){return gform.doHook(\"filter\",o,arguments)},removeAction:function(o,n){gform.removeHook(\"action\",o,n)},removeFilter:function(o,n,r){gform.removeHook(\"filter\",o,n,r)},addHook:function(o,n,r,t,i){null==gform.hooks[o][n]&&(gform.hooks[o][n]=[]);var e=gform.hooks[o][n];null==i&&(i=n+\"_\"+e.length),gform.hooks[o][n].push({tag:i,callable:r,priority:t=null==t?10:t})},doHook:function(n,o,r){var t;if(r=Array.prototype.slice.call(r,1),null!=gform.hooks[n][o]&&((o=gform.hooks[n][o]).sort(function(o,n){return o.priority-n.priority}),o.forEach(function(o){\"function\"!=typeof(t=o.callable)&&(t=window[t]),\"action\"==n?t.apply(null,r):r[0]=t.apply(null,r)})),\"filter\"==n)return r[0]},removeHook:function(o,n,t,i){var r;null!=gform.hooks[o][n]&&(r=(r=gform.hooks[o][n]).filter(function(o,n,r){return!!(null!=i&&i!=o.tag||null!=t&&t!=o.priority)}),gform.hooks[o][n]=r)}});<\/script>\n                <div class='gf_browser_gecko gform_wrapper gform_legacy_markup_wrapper gform-theme--no-framework' data-form-theme='legacy' data-form-index='0' id='gform_wrapper_5' >\n                        <div class='gform_heading'>\n                            <p class='gform_description'><\/p>\n                        <\/div><form method='post' enctype='multipart\/form-data'  id='gform_5'  action='\/es\/wp-json\/wp\/v2\/pages\/5500' data-formid='5' > \r\n <input type='hidden' class='gforms-pum' value='{\"closepopup\":false,\"closedelay\":0,\"openpopup\":false,\"openpopup_id\":0}' \/>\n                        <div class='gform-body gform_body'><ul id='gform_fields_5' class='gform_fields top_label form_sublabel_below description_below'><li id=\"field_5_1\"  class=\"gfield gfield--type-name gfield_contains_required field_sublabel_below gfield--no-description field_description_below gfield_visibility_visible\"  data-js-reload=\"field_5_1\"><label class='gfield_label gform-field-label gfield_label_before_complex'  >Nombre<span class=\"gfield_required\"><span class=\"gfield_required gfield_required_asterisk\">*<\/span><\/span><\/label><div class='ginput_complex ginput_container ginput_container--name no_prefix has_first_name no_middle_name no_last_name no_suffix gf_name_has_1 ginput_container_name gform-grid-row' id='input_5_1'>\n                            \n                            <span id='input_5_1_3_container' class='name_first gform-grid-col gform-grid-col--size-auto' >\n                                                    <input type='text' name='input_1.3' id='input_5_1_3' value=''   aria-required='true'     \/>\n                                                    <label for='input_5_1_3' class='gform-field-label gform-field-label--type-sub '>Nombre<\/label>\n                                                <\/span>\n                            \n                            \n                            \n                        <\/div><\/li><li id=\"field_5_2\"  class=\"gfield gfield--type-email gfield_contains_required field_sublabel_below gfield--no-description field_description_below gfield_visibility_visible\"  data-js-reload=\"field_5_2\"><label class='gfield_label gform-field-label' for='input_5_2' >Email<span class=\"gfield_required\"><span class=\"gfield_required gfield_required_asterisk\">*<\/span><\/span><\/label><div class='ginput_container ginput_container_email'>\n                            <input name='input_2' id='input_5_2' type='text' value='' class='large'    aria-required=\"true\" aria-invalid=\"false\"  \/>\n                        <\/div><\/li><li id=\"field_5_3\"  class=\"gfield gfield--type-phone field_sublabel_below gfield--no-description field_description_below gfield_visibility_visible\"  data-js-reload=\"field_5_3\"><label class='gfield_label gform-field-label' for='input_5_3' >Tel\u00e9fono de contacto<\/label><div class='ginput_container ginput_container_phone'><input name='input_3' id='input_5_3' type='text' value='' class='medium'    aria-invalid=\"false\"   \/><\/div><\/li><li id=\"field_5_4\"  class=\"gfield gfield--type-textarea gfield_contains_required field_sublabel_below gfield--no-description field_description_below gfield_visibility_visible\"  data-js-reload=\"field_5_4\"><label class='gfield_label gform-field-label' for='input_5_4' >Comentarios o mensaje<span class=\"gfield_required\"><span class=\"gfield_required gfield_required_asterisk\">*<\/span><\/span><\/label><div class='ginput_container ginput_container_textarea'><textarea name='input_4' id='input_5_4' class='textarea medium'     aria-required=\"true\" aria-invalid=\"false\"   rows='10' cols='50'><\/textarea><\/div><\/li><li id=\"field_5_5\"  class=\"gfield gfield--type-hidden gform_hidden field_sublabel_below gfield--no-description field_description_below gfield_visibility_visible\"  data-js-reload=\"field_5_5\"><div class='ginput_container ginput_container_text'><input name='input_5' id='input_5_5' type='hidden' class='gform_hidden'  aria-invalid=\"false\" value='' \/><\/div><\/li><li id=\"field_5_6\"  class=\"gfield gfield--type-honeypot gform_validation_container field_sublabel_below gfield--has-description field_description_below gfield_visibility_visible\"  data-js-reload=\"field_5_6\"><label class='gfield_label gform-field-label' for='input_5_6' >Email<\/label><div class='ginput_container'><input name='input_6' id='input_5_6' type='text' value='' \/><\/div><div class='gfield_description' id='gfield_description_5_6'>Este campo es un campo de validaci\u00f3n y debe quedar sin cambios.<\/div><\/li><\/ul><\/div>\n        <div class='gform_footer top_label'> <input type='submit' id='gform_submit_button_5' class='gform_button button' value='ENVIAR!'  onclick='if(window[\"gf_submitting_5\"]){return false;}  window[\"gf_submitting_5\"]=true;  ' onkeypress='if( event.keyCode == 13 ){ if(window[\"gf_submitting_5\"]){return false;} window[\"gf_submitting_5\"]=true;  jQuery(\"#gform_5\").trigger(\"submit\",[true]); }' \/> \n            <input type='hidden' class='gform_hidden' name='is_submit_5' value='1' \/>\n            <input type='hidden' class='gform_hidden' name='gform_submit' value='5' \/>\n            \n            <input type='hidden' class='gform_hidden' name='gform_unique_id' value='' \/>\n            <input type='hidden' class='gform_hidden' name='state_5' value='WyJbXSIsIjY3ZTdlYzU1YjU0Y2YzNjg3YTQwNWVlYWE5Yjc5N2IyIl0=' \/>\n            <input type='hidden' class='gform_hidden' name='gform_target_page_number_5' id='gform_target_page_number_5' value='0' \/>\n            <input type='hidden' class='gform_hidden' name='gform_source_page_number_5' id='gform_source_page_number_5' value='1' \/>\n            <input type='hidden' name='gform_field_values' value='' \/>\n            \n        <\/div>\n                        <p style=\"display: none !important;\" class=\"akismet-fields-container\" data-prefix=\"ak_\"><label>&#916;<textarea name=\"ak_hp_textarea\" cols=\"45\" rows=\"8\" maxlength=\"100\"><\/textarea><\/label><input type=\"hidden\" id=\"ak_js_1\" name=\"ak_js\" value=\"61\"\/><script>document.getElementById( \"ak_js_1\" ).setAttribute( \"value\", ( new Date() ).getTime() );<\/script><\/p><\/form>\n                        <\/div><script type=\"text\/javascript\">\n\/* <![CDATA[ *\/\n gform.initializeOnLoaded( function() {gformInitSpinner( 5, 'https:\/\/costaricatourismtransportation.com\/wp-content\/plugins\/gravityforms\/images\/spinner.svg', true );jQuery('#gform_ajax_frame_5').on('load',function(){var contents = jQuery(this).contents().find('*').html();var is_postback = contents.indexOf('GF_AJAX_POSTBACK') >= 0;if(!is_postback){return;}var form_content = jQuery(this).contents().find('#gform_wrapper_5');var is_confirmation = jQuery(this).contents().find('#gform_confirmation_wrapper_5').length > 0;var is_redirect = contents.indexOf('gformRedirect(){') >= 0;var is_form = form_content.length > 0 && ! is_redirect && ! is_confirmation;var mt = parseInt(jQuery('html').css('margin-top'), 10) + parseInt(jQuery('body').css('margin-top'), 10) + 100;if(is_form){jQuery('#gform_wrapper_5').html(form_content.html());if(form_content.hasClass('gform_validation_error')){jQuery('#gform_wrapper_5').addClass('gform_validation_error');} else {jQuery('#gform_wrapper_5').removeClass('gform_validation_error');}setTimeout( function() { \/* delay the scroll by 50 milliseconds to fix a bug in chrome *\/  }, 50 );if(window['gformInitDatepicker']) {gformInitDatepicker();}if(window['gformInitPriceFields']) {gformInitPriceFields();}var current_page = jQuery('#gform_source_page_number_5').val();gformInitSpinner( 5, 'https:\/\/costaricatourismtransportation.com\/wp-content\/plugins\/gravityforms\/images\/spinner.svg', true );jQuery(document).trigger('gform_page_loaded', [5, current_page]);window['gf_submitting_5'] = false;}else if(!is_redirect){var confirmation_content = jQuery(this).contents().find('.GF_AJAX_POSTBACK').html();if(!confirmation_content){confirmation_content = contents;}setTimeout(function(){jQuery('#gform_wrapper_5').replaceWith(confirmation_content);jQuery(document).trigger('gform_confirmation_loaded', [5]);window['gf_submitting_5'] = false;wp.a11y.speak(jQuery('#gform_confirmation_message_5').text());}, 50);}else{jQuery('#gform_5').append(contents);if(window['gformRedirect']) {gformRedirect();}}jQuery(document).trigger('gform_post_render', [5, current_page]);gform.utils.trigger({ event: 'gform\/postRender', native: false, data: { formId: 5, currentPage: current_page } });} );} ); \n\/* ]]> *\/\n<\/script>\n<\/p>\n<p>[\/et_pb_text][\/et_pb_column][\/et_pb_row][\/et_pb_section]<\/p>\n","protected":false},"excerpt":{"rendered":"<p>Tour de un d\u00eda por al Volcan Arenal Arenal es una de las maravillas naturales m\u00e1s hermosas de Costa Rica. Alberga tanto los pa\u00edses m\u00e1s activos (y la imagen perfecta) como su volc\u00e1n lacustre m\u00e1s grande. Las monta\u00f1as aqu\u00ed est\u00e1n cubiertas de bosques tropicales vibrantes y la diversidad de animales y plantas es abundante. Por [&hellip;]<\/p>\n","protected":false},"author":2,"featured_media":0,"parent":0,"menu_order":0,"comment_status":"closed","ping_status":"open","template":"","meta":{"_et_pb_use_builder":"on","_et_pb_old_content":"We depart from Jaco Beach at 7 am to one of the most exuberant shipping days in all of Costa Rica.\r\n\r\nThe National Park of the Volcanoes of Arena is located in the district of La Fortuna in the province of Alajuela and is one of the most visited places in the country because of the volcano that flows hot springs and lava rivers.\r\n\r\nThis tour allows travelers to experience the best aspects of the Arenal. It starts with a hike near the Arenal Volcano National Park. In this case, you will have to walk through the remains of the historic eruption of 1968 and - depending on the weather - the opportunity to see the volcano in action: smoke coming out of its summit and pyroclastic flows falling on its side. On the way to hike, you will drive through Lake Arenal and the testimony of its expansive, beautiful waters.\r\n\r\nIn this tour we can swim in the river in Tabacon hot water, we will enjoy the largest lake in Central America, which is the man made to generate electricity.","_et_gb_content_width":"","jetpack_post_was_ever_published":false,"footnotes":""},"class_list":["post-5500","page","type-page","status-publish","hentry"],"yoast_head":"<!-- This site is optimized with the Yoast SEO plugin v26.9 - https:\/\/yoast.com\/product\/yoast-seo-wordpress\/ -->\n<title>Excurison al Volcan Arenal Desde Playa Jaco Costa Rica<\/title>\n<meta name=\"description\" content=\"Disfrute de una caminata guiada a trav\u00e9s de un paisaje pastoral extraordinario sobre la cordillera de Tilar\u00e1n y los pueblos pintorescos.\" \/>\n<meta name=\"robots\" content=\"index, follow, max-snippet:-1, max-image-preview:large, max-video-preview:-1\" \/>\n<link rel=\"canonical\" href=\"https:\/\/costaricatourismtransportation.com\/es\/excurison-al-volcan-arenal\/\" \/>\n<meta property=\"og:locale\" content=\"es_ES\" \/>\n<meta property=\"og:type\" content=\"article\" \/>\n<meta property=\"og:title\" content=\"Excurison al Volcan Arenal Desde Playa Jaco Costa Rica\" \/>\n<meta property=\"og:description\" content=\"Disfrute de una caminata guiada a trav\u00e9s de un paisaje pastoral extraordinario sobre la cordillera de Tilar\u00e1n y los pueblos pintorescos.\" \/>\n<meta property=\"og:url\" content=\"https:\/\/costaricatourismtransportation.com\/es\/excurison-al-volcan-arenal\/\" \/>\n<meta property=\"og:site_name\" content=\"Costa Rica Private Trasnportation and Tours\" \/>\n<meta property=\"article:modified_time\" content=\"2020-09-24T20:24:28+00:00\" \/>\n<meta name=\"twitter:card\" content=\"summary_large_image\" \/>\n<meta name=\"twitter:label1\" content=\"Tiempo de lectura\" \/>\n\t<meta name=\"twitter:data1\" content=\"4 minutos\" \/>\n<script type=\"application\/ld+json\" class=\"yoast-schema-graph\">{\"@context\":\"https:\/\/schema.org\",\"@graph\":[{\"@type\":\"WebPage\",\"@id\":\"https:\/\/costaricatourismtransportation.com\/es\/excurison-al-volcan-arenal\/\",\"url\":\"https:\/\/costaricatourismtransportation.com\/es\/excurison-al-volcan-arenal\/\",\"name\":\"Excurison al Volcan Arenal Desde Playa Jaco Costa Rica\",\"isPartOf\":{\"@id\":\"https:\/\/costaricatourismtransportation.com\/es\/#website\"},\"datePublished\":\"2014-02-12T14:16:23+00:00\",\"dateModified\":\"2020-09-24T20:24:28+00:00\",\"description\":\"Disfrute de una caminata guiada a trav\u00e9s de un paisaje pastoral extraordinario sobre la cordillera de Tilar\u00e1n y los pueblos pintorescos.\",\"breadcrumb\":{\"@id\":\"https:\/\/costaricatourismtransportation.com\/es\/excurison-al-volcan-arenal\/#breadcrumb\"},\"inLanguage\":\"es\",\"potentialAction\":[{\"@type\":\"ReadAction\",\"target\":[\"https:\/\/costaricatourismtransportation.com\/es\/excurison-al-volcan-arenal\/\"]}]},{\"@type\":\"BreadcrumbList\",\"@id\":\"https:\/\/costaricatourismtransportation.com\/es\/excurison-al-volcan-arenal\/#breadcrumb\",\"itemListElement\":[{\"@type\":\"ListItem\",\"position\":1,\"name\":\"Home\",\"item\":\"https:\/\/costaricatourismtransportation.com\/es\/\"},{\"@type\":\"ListItem\",\"position\":2,\"name\":\"Excurison al Volcan Arenal\"}]},{\"@type\":\"WebSite\",\"@id\":\"https:\/\/costaricatourismtransportation.com\/es\/#website\",\"url\":\"https:\/\/costaricatourismtransportation.com\/es\/\",\"name\":\"Costa Rica Private Trasnportation and Tours\",\"description\":\"Jaco Beach Transfers\",\"potentialAction\":[{\"@type\":\"SearchAction\",\"target\":{\"@type\":\"EntryPoint\",\"urlTemplate\":\"https:\/\/costaricatourismtransportation.com\/es\/?s={search_term_string}\"},\"query-input\":{\"@type\":\"PropertyValueSpecification\",\"valueRequired\":true,\"valueName\":\"search_term_string\"}}],\"inLanguage\":\"es\"}]}<\/script>\n<!-- \/ Yoast SEO plugin. -->","yoast_head_json":{"title":"Excurison al Volcan Arenal Desde Playa Jaco Costa Rica","description":"Disfrute de una caminata guiada a trav\u00e9s de un paisaje pastoral extraordinario sobre la cordillera de Tilar\u00e1n y los pueblos pintorescos.","robots":{"index":"index","follow":"follow","max-snippet":"max-snippet:-1","max-image-preview":"max-image-preview:large","max-video-preview":"max-video-preview:-1"},"canonical":"https:\/\/costaricatourismtransportation.com\/es\/excurison-al-volcan-arenal\/","og_locale":"es_ES","og_type":"article","og_title":"Excurison al Volcan Arenal Desde Playa Jaco Costa Rica","og_description":"Disfrute de una caminata guiada a trav\u00e9s de un paisaje pastoral extraordinario sobre la cordillera de Tilar\u00e1n y los pueblos pintorescos.","og_url":"https:\/\/costaricatourismtransportation.com\/es\/excurison-al-volcan-arenal\/","og_site_name":"Costa Rica Private Trasnportation and Tours","article_modified_time":"2020-09-24T20:24:28+00:00","twitter_card":"summary_large_image","twitter_misc":{"Tiempo de lectura":"4 minutos"},"schema":{"@context":"https:\/\/schema.org","@graph":[{"@type":"WebPage","@id":"https:\/\/costaricatourismtransportation.com\/es\/excurison-al-volcan-arenal\/","url":"https:\/\/costaricatourismtransportation.com\/es\/excurison-al-volcan-arenal\/","name":"Excurison al Volcan Arenal Desde Playa Jaco Costa Rica","isPartOf":{"@id":"https:\/\/costaricatourismtransportation.com\/es\/#website"},"datePublished":"2014-02-12T14:16:23+00:00","dateModified":"2020-09-24T20:24:28+00:00","description":"Disfrute de una caminata guiada a trav\u00e9s de un paisaje pastoral extraordinario sobre la cordillera de Tilar\u00e1n y los pueblos pintorescos.","breadcrumb":{"@id":"https:\/\/costaricatourismtransportation.com\/es\/excurison-al-volcan-arenal\/#breadcrumb"},"inLanguage":"es","potentialAction":[{"@type":"ReadAction","target":["https:\/\/costaricatourismtransportation.com\/es\/excurison-al-volcan-arenal\/"]}]},{"@type":"BreadcrumbList","@id":"https:\/\/costaricatourismtransportation.com\/es\/excurison-al-volcan-arenal\/#breadcrumb","itemListElement":[{"@type":"ListItem","position":1,"name":"Home","item":"https:\/\/costaricatourismtransportation.com\/es\/"},{"@type":"ListItem","position":2,"name":"Excurison al Volcan Arenal"}]},{"@type":"WebSite","@id":"https:\/\/costaricatourismtransportation.com\/es\/#website","url":"https:\/\/costaricatourismtransportation.com\/es\/","name":"Costa Rica Private Trasnportation and Tours","description":"Jaco Beach Transfers","potentialAction":[{"@type":"SearchAction","target":{"@type":"EntryPoint","urlTemplate":"https:\/\/costaricatourismtransportation.com\/es\/?s={search_term_string}"},"query-input":{"@type":"PropertyValueSpecification","valueRequired":true,"valueName":"search_term_string"}}],"inLanguage":"es"}]}},"jetpack_sharing_enabled":true,"jetpack_shortlink":"https:\/\/wp.me\/P7Ar4B-1qI","_links":{"self":[{"href":"https:\/\/costaricatourismtransportation.com\/es\/wp-json\/wp\/v2\/pages\/5500","targetHints":{"allow":["GET"]}}],"collection":[{"href":"https:\/\/costaricatourismtransportation.com\/es\/wp-json\/wp\/v2\/pages"}],"about":[{"href":"https:\/\/costaricatourismtransportation.com\/es\/wp-json\/wp\/v2\/types\/page"}],"author":[{"embeddable":true,"href":"https:\/\/costaricatourismtransportation.com\/es\/wp-json\/wp\/v2\/users\/2"}],"replies":[{"embeddable":true,"href":"https:\/\/costaricatourismtransportation.com\/es\/wp-json\/wp\/v2\/comments?post=5500"}],"version-history":[{"count":2,"href":"https:\/\/costaricatourismtransportation.com\/es\/wp-json\/wp\/v2\/pages\/5500\/revisions"}],"predecessor-version":[{"id":5508,"href":"https:\/\/costaricatourismtransportation.com\/es\/wp-json\/wp\/v2\/pages\/5500\/revisions\/5508"}],"wp:attachment":[{"href":"https:\/\/costaricatourismtransportation.com\/es\/wp-json\/wp\/v2\/media?parent=5500"}],"curies":[{"name":"wp","href":"https:\/\/api.w.org\/{rel}","templated":true}]}}