{"id":5556,"date":"2014-02-12T07:48:52","date_gmt":"2014-02-12T14:48:52","guid":{"rendered":"https:\/\/costaricatourismtransportation.com\/costa-rica-charter-fishing-boats\/"},"modified":"2020-09-24T21:06:39","modified_gmt":"2020-09-24T21:06:39","slug":"barcos-de-pesca","status":"publish","type":"page","link":"https:\/\/costaricatourismtransportation.com\/es\/barcos-de-pesca\/","title":{"rendered":"Barcos de Pesca"},"content":{"rendered":"<p>[et_pb_section fb_built=\u00bb1&#8243; admin_label=\u00bbSection\u00bb _builder_version=\u00bb3.22&#8243;][et_pb_row column_structure=\u00bb1_2,1_2&#8243; admin_label=\u00bbRow\u00bb _builder_version=\u00bb3.25&#8243; background_size=\u00bbinitial\u00bb background_position=\u00bbtop_left\u00bb background_repeat=\u00bbrepeat\u00bb][et_pb_column type=\u00bb1_2&#8243; _builder_version=\u00bb3.25&#8243; custom_padding=\u00bb|||\u00bb custom_padding__hover=\u00bb|||\u00bb][et_pb_text admin_label=\u00bbText\u00bb _builder_version=\u00bb4.6.3&#8243; background_size=\u00bbinitial\u00bb background_position=\u00bbtop_left\u00bb background_repeat=\u00bbrepeat\u00bb use_border_color=\u00bboff\u00bb border_color=\u00bb#ffffff\u00bb border_style=\u00bbsolid\u00bb]<\/p>\n<h2>Los Sue\u00f1os Costa Rica Botes de pesca<\/h2>\n<p>Un d\u00eda normal de factura de pesca comenzar\u00e1 con usted para reunirse con nosotros en Marina Los Sue\u00f1os en Jaco, o ser recogido de su hotel en Jaco o Los Sue\u00f1os. Ser\u00e1 recibido por el capit\u00e1n de nuestro barco o el conserje.<\/p>\n<p>Su capit\u00e1n lo acompa\u00f1ar\u00e1 personalmente a su bote, donde su tripulaci\u00f3n lo esperar\u00e1 y caminar\u00e1 alrededor de las 7:00.<\/p>\n<p>Adem\u00e1s de la pesca masiva de Costa Rica Marlines aqu\u00ed tambi\u00e9n somos conocidos por nuestro dorado (dorado), at\u00fan, wahoo, mero, crema de \u00e1mbar, pargo, gallo, corvina, lubina con mejor sabor y muchas m\u00e1s especies.<\/p>\n<p>Dependiendo de la \u00e9poca del a\u00f1o, se pueden ver peces picudos como el marl\u00edn y el pez vela \u00absubiendo\u00bb en el cebo. Con suerte, \u00abpicar\u00e1n\u00bb el anzuelo. Tu tripulaci\u00f3n estar\u00e1 atenta al ver c\u00f3mo se disparan los peces y sabr\u00e1s cu\u00e1ndo identificar\u00e1n al pez.<\/p>\n<p>Una vez en la zona de pesca, los mates van a todas las l\u00edneas y los \u00abteasers\u00bb (se\u00f1uelos) en el agua detr\u00e1s del bote y ese \u00abgoblin\u00bb en unos 6-7 nudos, mientras se busca el pico pescado.<\/p>\n<p>Una vez que el pez muerda el anzuelo, el compa\u00f1ero se colgar\u00e1 para ti mientras est\u00e1s listo para \u00abluchar\u00bb contra el pez colocando una correa de varilla de soporte y alcanzando la silla de combate. En Costa Rica, todos los marlines capturados y liberados.<\/p>\n<p>Una vez enganchado, se le dar\u00e1 el tallo y ayudar\u00e1 al entrenamiento en las t\u00e9cnicas adecuadas de pelea y desembarco de peces. Dependiendo de d\u00f3nde se sienta el capit\u00e1n es la mejor zona de pesca para el d\u00eda, tiene una hora para un viaje de 1 hora y media a las zonas de pesca.<\/p>\n<p>[\/et_pb_text][et_pb_button button_url=\u00bbhttps:\/\/costaricatourismtransportation.com\/es\/contacto\/\u00bb button_text=\u00bbReserve o solicite su carta de pesca AQU\u00cd\u00bb button_alignment=\u00bbleft\u00bb admin_label=\u00bbButton\u00bb _builder_version=\u00bb4.6.3&#8243; button_letter_spacing_hover=\u00bb0&#8243; button_text_size__hover_enabled=\u00bboff\u00bb button_one_text_size__hover_enabled=\u00bboff\u00bb button_two_text_size__hover_enabled=\u00bboff\u00bb button_text_color__hover_enabled=\u00bboff\u00bb button_one_text_color__hover_enabled=\u00bboff\u00bb button_two_text_color__hover_enabled=\u00bboff\u00bb button_border_width__hover_enabled=\u00bboff\u00bb button_one_border_width__hover_enabled=\u00bboff\u00bb button_two_border_width__hover_enabled=\u00bboff\u00bb button_border_color__hover_enabled=\u00bboff\u00bb button_one_border_color__hover_enabled=\u00bboff\u00bb button_two_border_color__hover_enabled=\u00bboff\u00bb button_border_radius__hover_enabled=\u00bboff\u00bb button_one_border_radius__hover_enabled=\u00bboff\u00bb button_two_border_radius__hover_enabled=\u00bboff\u00bb button_letter_spacing__hover_enabled=\u00bbon\u00bb button_letter_spacing__hover=\u00bb0&#8243; button_one_letter_spacing__hover_enabled=\u00bboff\u00bb button_two_letter_spacing__hover_enabled=\u00bboff\u00bb button_bg_color__hover_enabled=\u00bboff\u00bb button_one_bg_color__hover_enabled=\u00bboff\u00bb button_two_bg_color__hover_enabled=\u00bboff\u00bb][\/et_pb_button][\/et_pb_column][et_pb_column type=\u00bb1_2&#8243; _builder_version=\u00bb3.25&#8243; custom_padding=\u00bb|||\u00bb custom_padding__hover=\u00bb|||\u00bb][et_pb_text admin_label=\u00bbText\u00bb _builder_version=\u00bb3.27.4&#8243; background_size=\u00bbinitial\u00bb background_position=\u00bbtop_left\u00bb background_repeat=\u00bbrepeat\u00bb use_border_color=\u00bboff\u00bb border_color=\u00bb#ffffff\u00bb border_style=\u00bbsolid\u00bb]<iframe class=\"lazyload\" width=\"560\" height=\"315\" data-src=\"https:\/\/www.youtube.com\/embed\/VtnH4IF-It4\" frameborder=\"0\" allowfullscreen><\/iframe><br \/>\n[\/et_pb_text][et_pb_text admin_label=\u00bbText\u00bb _builder_version=\u00bb4.6.3&#8243; background_size=\u00bbinitial\u00bb background_position=\u00bbtop_left\u00bb background_repeat=\u00bbrepeat\u00bb use_border_color=\u00bboff\u00bb border_color=\u00bb#ffffff\u00bb border_style=\u00bbsolid\u00bb]<iframe class=\"lazyload\" data-src=\"https:\/\/www.youtube.com\/embed\/HPnNHpW_xRU\" width=\"560\" height=\"315\" frameborder=\"0\" allowfullscreen=\"allowfullscreen\"><\/iframe><br \/>\n[\/et_pb_text][et_pb_text admin_label=\u00bbText\u00bb _builder_version=\u00bb4.6.3&#8243; background_size=\u00bbinitial\u00bb background_position=\u00bbtop_left\u00bb background_repeat=\u00bbrepeat\u00bb use_border_color=\u00bboff\u00bb border_color=\u00bb#ffffff\u00bb border_style=\u00bbsolid\u00bb]<\/p>\n<p>Se ven com\u00fanmente marsopas, tortugas y ballenas. Muchas veces, mientras pescan peces de colores en Jaco, capturan at\u00fan y tambi\u00e9n Mahi Mahi (dorado), que son excelentes para comer. Nuestros barcos tambi\u00e9n tienen una captura m\u00e1s ligera que es muy divertida a la hora de pescar at\u00fan o dorado.<\/p>\n<p>[\/et_pb_text][\/et_pb_column][\/et_pb_row][\/et_pb_section][et_pb_section fb_built=\u00bb1&#8243; fullwidth=\u00bbon\u00bb admin_label=\u00bbsection\u00bb module_id=\u00bbbackgrounds\u00bb _builder_version=\u00bb3.22&#8243; parallax=\u00bbon\u00bb locked=\u00bboff\u00bb][et_pb_fullwidth_portfolio title=\u00bbExcursiones de pesca en Playa Jaco, Los Suenos\u00bb fullwidth=\u00bboff\u00bb include_categories=\u00bb9&#8243; admin_label=\u00bbFullwidth Portfolio\u00bb _builder_version=\u00bb4.6.3&#8243; background_size=\u00bbinitial\u00bb background_position=\u00bbtop_left\u00bb background_repeat=\u00bbrepeat\u00bb hover_enabled=\u00bb0&#8243; use_border_color=\u00bboff\u00bb border_color=\u00bb#ffffff\u00bb border_style=\u00bbsolid\u00bb sticky_enabled=\u00bb0&#8243;][\/et_pb_fullwidth_portfolio][\/et_pb_section]<\/p>\n","protected":false},"excerpt":{"rendered":"<p>Los Sue\u00f1os Costa Rica Botes de pesca Un d\u00eda normal de factura de pesca comenzar\u00e1 con usted para reunirse con nosotros en Marina Los Sue\u00f1os en Jaco, o ser recogido de su hotel en Jaco o Los Sue\u00f1os. Ser\u00e1 recibido por el capit\u00e1n de nuestro barco o el conserje. Su capit\u00e1n lo acompa\u00f1ar\u00e1 personalmente a [&hellip;]<\/p>\n","protected":false},"author":2,"featured_media":0,"parent":0,"menu_order":0,"comment_status":"closed","ping_status":"open","template":"","meta":{"_et_pb_use_builder":"on","_et_pb_old_content":"<h2>SPORTFISHING JACO<\/h2><div><div><p><img src=\"https:\/\/costaricatourismtransportation.com\/CostaRicaFishingJaco\/LosSuenosFishingTrips.jpg\" alt=\"Alin28Feet\" \/><\/p><div><h3>Alin28Feet<\/h3><p>Alin28Feet<\/p><p>\u00a0<\/p><\/div><\/div><\/div><div><div><p><img src=\"https:\/\/costaricatourismtransportation.com\/CostaRicaFishingJaco\/LosSuenosCharterFishing.jpg\" alt=\"Barnacle 35 Feet\" \/><\/p><div><h3>Barnacle 35 Feet<\/h3><p>Barnacle 35 Feet<\/p><p>\u00a0<\/p><\/div><\/div><\/div><div><div><p><img src=\"https:\/\/costaricatourismtransportation.com\/CostaRicaFishingJaco\/LosSuenosFishingCharters.jpg\" alt=\" DevilshDreams55Feet\" \/><\/p><div><h3>DevilshDreams55Feet<\/h3><p>DevilshDreams55Feet<\/p><p>\u00a0<\/p><\/div><\/div><\/div><div><div><p><img src=\"https:\/\/costaricatourismtransportation.com\/CostaRicaFishingJaco\/LosSuenosSportfishing.jpg\" alt=\"Fandango31Feet\" \/><\/p><div><h3>Fandango31Feet<\/h3><p>Fandango31Feet<\/p><p>\u00a0<\/p><\/div><\/div><\/div><div><div><p><img src=\"https:\/\/costaricatourismtransportation.com\/CostaRicaFishingJaco\/LosSuenosSportFishingBoats.gif\" alt=\"HatTrick36Feet\" \/><\/p><div><h3>HatTrick36Feet<\/h3><p>HatTrick36Feet<\/p><p>\u00a0<\/p><\/div><\/div><\/div><div><div><p><img src=\"http:\/\/www.stayincostarica.com\/wp-content\/uploads\/2009\/12\/sailfish.jpg\" alt=\" SailFishBertram35\" \/><\/p><div><h3>SailFishBertram35<\/h3><p>SailFishBertram35<\/p><p>\u00a0<\/p><\/div><\/div><\/div><div><div><p><img src=\"https:\/\/costaricatourismtransportation.com\/CostaRicaFishingJaco\/LosSuenosCharterFishingTrips.jpg\" alt=\"MissBehavin32Feet\" \/><\/p><div><h3>MissBehavin32Feet<\/h3><p>MissBehavin32Feet<\/p><p>\u00a0<\/p><\/div><\/div><\/div><div><div><p><img src=\"https:\/\/costaricatourismtransportation.com\/CostaRicaFishingJaco\/LosSuenosCostaRicaFishingCharters.jpg\" alt=\"RyJProline34Feet\" \/><\/p><div><h3>RyJProline34Feet<\/h3><p>RyJProline34Feet<\/p><p>\u00a0<\/p><\/div><\/div><\/div><div><div><p><img src=\"https:\/\/costaricatourismtransportation.com\/CostaRicaFishingJaco\/BestFishingCostaRica.jpg\" alt=\"ShotOn38Feet\" \/><\/p><div><h3>ShotOn38Feet<\/h3><p>ShotOn38Feet<\/p><p>\u00a0<\/p><\/div><\/div><\/div><div><div><p><img src=\"https:\/\/costaricatourismtransportation.com\/CostaRicaFishingJaco\/CostaRicaDeepSeaFishing.jpg\" alt=\"Kiddo35Feet\" \/><\/p><div><h3>Kiddo35Feet<\/h3><p>Kiddo35Feet<\/p><p>\u00a0<\/p><\/div><\/div><\/div><div><div><p><img src=\"https:\/\/costaricatourismtransportation.com\/CostaRicaFishingJaco\/CostaRicaFishingBoats.jpg\" alt=\"Nazaria24Feet\" \/><\/p><div><h3>Nazaria24Feet<\/h3><p>Nazaria24Feet<\/p><p>\u00a0<\/p><\/div><\/div><\/div><div><div><p><img src=\"https:\/\/costaricatourismtransportation.com\/CostaRicaFishingJaco\/CostaRicaFishingJaco.jpg\" alt=\"CaballoDelMar28Feet\" \/><\/p><div><h3>CaballoDelMar28Feet<\/h3><p>CaballoDelMar28Feet<\/p><p>\u00a0<\/p><\/div><\/div><\/div><div><div><p><img src=\"https:\/\/costaricatourismtransportation.com\/CostaRicaFishingJaco\/CostaRicaOffshoreFishing.jpg\" alt=\"ElGatoIII26Feet\" \/><\/p><div><h3>ElGatoIII26Feet<\/h3><p>ElGatoIII26Feet<\/p><p>\u00a0<\/p><\/div><\/div><\/div><div><div><p><img src=\"https:\/\/costaricatourismtransportation.com\/CostaRicaFishingJaco\/CostaRicaTarponFishing.jpg\" alt=\"MarlinMania27Feet\" \/><\/p><div><h3>MarlinMania27Feet<\/h3><p>MarlinMania27Feet<\/p><p>\u00a0<\/p><\/div><\/div><\/div><div><div><p><img src=\"https:\/\/costaricatourismtransportation.com\/CostaRicaFishingJaco\/CostaRicaTaxiBoat.jpg\" alt=\"TaxiBoat28Feet\" \/><\/p><div><h3>TaxiBoat28Feet<\/h3><p>TaxiBoat28Feet<\/p><p>\u00a0<\/p><\/div><\/div><\/div><div><div><p><img src=\"https:\/\/costaricatourismtransportation.com\/CostaRicaFishingJaco\/DeepSeaFishingCostaRica.jpg\" alt=\"LaOrcaII27Feet\" \/><\/p><div><h3>LaOrcaII27Feet<\/h3><p>LaOrcaII27Feet<\/p><p>\u00a0<\/p><\/div><\/div><\/div><div><div><p><img src=\"https:\/\/costaricatourismtransportation.com\/CostaRicaFishingJaco\/FishingBoatsInCostaRica.jpg\" alt=\"SanCarlenoI28Feet\" \/><\/p><div><h3>SanCarlenoI28Feet<\/h3><p>SanCarlenoI28Feet<\/p><p>\u00a0<\/p><\/div><\/div><\/div><div><div><p><img src=\"https:\/\/costaricatourismtransportation.com\/CostaRicaFishingJaco\/FishingChartersCostaRica.jpg\" alt=\" BarrileteV28Feet\" \/><\/p><div><h3>BarrileteV28Feet<\/h3><p>BarrileteV28Feet<\/p><p>\u00a0<\/p><\/div><\/div><\/div><div><div><p><img src=\"https:\/\/costaricatourismtransportation.com\/CostaRicaFishingJaco\/FishingJacoCostaRica.jpg\" alt=\"Anejo26Feet\" \/><\/p><div><h3>Anejo26Feet<\/h3><p>Anejo26Feet<\/p><p>\u00a0<\/p><\/div><\/div><\/div><div><div><p><img src=\"https:\/\/costaricatourismtransportation.com\/CostaRicaFishingJaco\/FishingInJacoCostaRica.jpg\" alt=\"JBarrilete26Feet\" \/><\/p><div><h3>JBarrilete26Feet<\/h3><p>JBarrilete26Feet<\/p><p>\u00a0<\/p><\/div><\/div><\/div><div><div><p><img src=\"https:\/\/costaricatourismtransportation.com\/CostaRicaFishingJaco\/FishingJacoCostaRica.jpg\" alt=\"BarracudaIV29Feet\" \/><\/p><div><h3>BarracudaIV29Feet<\/h3><p>BarracudaIV29Feet<\/p><p>\u00a0<\/p><\/div><\/div><\/div><div><div><p><img src=\"https:\/\/costaricatourismtransportation.com\/CostaRicaFishingJaco\/FishingLosSuenosCostaRica.jpg\" alt=\"ElPescador26Feet\" \/><\/p><div><h3>ElPescador26Feet<\/h3><p>ElPescador26Feet<\/p><p>\u00a0<\/p><\/div><\/div><\/div><div><div><p><img src=\"https:\/\/costaricatourismtransportation.com\/CostaRicaFishingJaco\/FishingTripsInCostaRica.jpg\" alt=\"GoldenRod28Feet\" \/><\/p><div><h3>GoldenRod28Feet<\/h3><p>GoldenRod28Feet<\/p><p>\u00a0<\/p><\/div><\/div><\/div><div><div><p><img src=\"https:\/\/costaricatourismtransportation.com\/CostaRicaFishingJaco\/FlyFishingInCostaRica.jpg\" alt=\" LaTicaLindaIII27Feet\" \/><\/p><div><h3>LaTicaLindaIII27Feet<\/h3><p>LaTicaLindaIII27Feet<\/p><p>\u00a0<\/p><\/div><\/div><\/div><div><div><p><img src=\"https:\/\/costaricatourismtransportation.com\/CostaRicaFishingJaco\/SportFishingJacoCostaRica.jpg\" alt=\"FishOn35Feet\" \/><\/p><div><h3>FishOn35Feet<\/h3><p>FishOn35Feet<\/p><p>\u00a0<\/p><\/div><\/div><\/div><div><div><p><img src=\"https:\/\/costaricatourismtransportation.com\/CostaRicaFishingJaco\/TarponFishingCostaRica.jpg\" alt=\"JesusMaria23Feet\" \/><\/p><div><h3>JesusMaria23Feet<\/h3><p>JesusMaria23Feet<\/p><p>\u00a0<\/p><\/div><\/div><\/div><div><div><p><img src=\"https:\/\/costaricatourismtransportation.com\/CostaRicaFishingJaco\/TaxiBoatCostaRica.jpg\" alt=\" LaPrimavera26Feet\" \/><\/p><div><h3>LaPrimavera26Feet<\/h3><p>LaPrimavera26Feet<\/p><p>\u00a0<\/p><\/div><\/div><\/div><h2>SPORTFISHING FLAMINGO<\/h2><div><div><p><img src=\"https:\/\/costaricatourismtransportation.com\/CostaRicaFishingFlamingo\/GuanacasteCostaRicaFishing.jpg\" alt=\"AleWatcher30Feet\" \/><\/p><div><h3>AleWatcher30Feet<\/h3><p>AleWatcher30Feet<\/p><p>\u00a0<\/p><\/div><\/div><\/div><div><div><p><img src=\"https:\/\/costaricatourismtransportation.com\/CostaRicaFishingFlamingo\/FlamingoCostaRicaFishing.jpg\" alt=\"Angelica33Feet\" \/><\/p><div><h3>Angelica33Feet<\/h3><p>Angelica33Feet<\/p><p>\u00a0<\/p><\/div><\/div><\/div><div><div><p><img src=\"https:\/\/costaricatourismtransportation.com\/CostaRicaFishingFlamingo\/CostaRicaFishingBoat.jpg\" alt=\"BlueDream28Feet\" \/><\/p><div><h3>BlueDream28Feet<\/h3><p>BlueDream28Feet<\/p><p>\u00a0<\/p><\/div><\/div><\/div><div><div><p><img src=\"https:\/\/costaricatourismtransportation.com\/CostaRicaFishingFlamingo\/CostaRicaFishingCharters.jpg\" alt=\"Brindisi37Feet\" \/><\/p><div><h3>Brindisi37Feet<\/h3><p>Brindisi37Feet<\/p><p>\u00a0<\/p><\/div><\/div><\/div><div><div><p><img src=\"https:\/\/costaricatourismtransportation.com\/CostaRicaFishingFlamingo\/CostaRicaFishingPackages.jpg\" alt=\"BushWacker42Feet\" \/><\/p><div><h3>BushWacker42Feet<\/h3><p>BushWacker42Feet<\/p><p>\u00a0<\/p><\/div><\/div><\/div><div><div><p><img src=\"https:\/\/costaricatourismtransportation.com\/CostaRicaFishingFlamingo\/CostaRicaFishingSeason.jpg\" alt=\"CalaLuna30Feet\" \/><\/p><div><h3>CalaLuna30Feet<\/h3><p>CalaLuna30Feet<\/p><p>\u00a0<\/p><\/div><\/div><\/div><div><div><p><img src=\"https:\/\/costaricatourismtransportation.com\/CostaRicaFishingFlamingo\/CostaRicaFishingVacations.jpg\" alt=\"CircleHooker33Feet\" \/><\/p><div><h3>CircleHooker33Feet<\/h3><p>CircleHooker33Feet<\/p><p>\u00a0<\/p><\/div><\/div><\/div><div><div><p><img src=\"https:\/\/costaricatourismtransportation.com\/CostaRicaFishingFlamingo\/FishingCostaRica.jpg\" alt=\"Dream35Feet\" \/><\/p><div><h3>Dream35Feet<\/h3><p>Dream35Feet<\/p><p>\u00a0<\/p><\/div><\/div><\/div><div><div><p><img src=\"https:\/\/costaricatourismtransportation.com\/CostaRicaFishingFlamingo\/FishingInCostaRica.jpg\" alt=\"FishingLine30Feet\" \/><\/p><div><h3>FishingLine30Feet<\/h3><p>FishingLine30Feet<\/p><p>\u00a0<\/p><\/div><\/div><\/div><div><div><p><img src=\"https:\/\/costaricatourismtransportation.com\/CostaRicaFishingFlamingo\/CostaRicaFishingTrips.jpg\" alt=\"LupoBlu45Feet\" \/><\/p><div><h3>LupoBlu45Feet<\/h3><p>LupoBlu45Feet<\/p><p>\u00a0<\/p><\/div><\/div><\/div><div><div><p><img src=\"https:\/\/costaricatourismtransportation.com\/CostaRicaFishingFlamingo\/CostaRicaGuanacasteFishingCharters.jpg\" alt=\"MrTrigger35Feet\" \/><\/p><div><h3>MrTrigger35Feet<\/h3><p>MrTrigger35Feet<\/p><p>\u00a0<\/p><\/div><\/div><\/div><div><div><p><img src=\"https:\/\/costaricatourismtransportation.com\/CostaRicaFishingFlamingo\/CostaRicaSportFishing.jpg\" alt=\"MrTriggerII30Feet\" \/><\/p><div><h3>MrTriggerII30Feet<\/h3><p>MrTriggerII30Feet<\/p><p>\u00a0<\/p><\/div><\/div><\/div><div><div><p><img src=\"https:\/\/costaricatourismtransportation.com\/CostaRicaFishingFlamingo\/SportFishingInCostaRica.jpg\" alt=\"Online.com35Feet\" \/><\/p><div><h3>Online.com35Feet<\/h3><p>Online.com35Feet<\/p><p>\u00a0<\/p><\/div><\/div><\/div><div><div><p><img src=\"https:\/\/costaricatourismtransportation.com\/CostaRicaFishingFlamingo\/BestFishingCostaRica.jpg\" alt=\"Reliable28Feet\" \/><\/p><div><h3>Reliable28Feet<\/h3><p>Reliable28Feet<\/p><p>\u00a0<\/p><\/div><\/div><\/div><div><div><p><img src=\"https:\/\/costaricatourismtransportation.com\/CostaRicaFishingFlamingo\/FishingTamarindoCostaRica.jpg\" alt=\"WetAssII30Feet\" \/><\/p><div><h3>WetAssII30Feet<\/h3><p>WetAssII30Feet<\/p><p>\u00a0<\/p><\/div><\/div><\/div><div><div><p><img src=\"https:\/\/costaricatourismtransportation.com\/CostaRicaFishingFlamingo\/FishingChartersForRentInCostaRica.jpg\" alt=\"SenueloDelPacific\" \/><\/p><div><h3>SenueloDelPacific<\/h3><p>SenueloDelPacific<\/p><p>\u00a0<\/p><\/div><\/div><\/div>","_et_gb_content_width":"","jetpack_post_was_ever_published":false,"footnotes":""},"class_list":["post-5556","page","type-page","status-publish","hentry"],"yoast_head":"<!-- This site is optimized with the Yoast SEO plugin v26.9 - https:\/\/yoast.com\/product\/yoast-seo-wordpress\/ -->\n<title>Alquiler de barcos de pesca en Costa Rica - Pesca en la playa de Jaco<\/title>\n<meta name=\"description\" content=\"Alquiler de barcos de pesca en Costa Rica, durante el viaje, puede sentarse con el capit\u00e1n si lo desea, Cont\u00e1ctenos, Tours de pesca personalizados\" \/>\n<meta name=\"robots\" content=\"index, follow, max-snippet:-1, max-image-preview:large, max-video-preview:-1\" \/>\n<link rel=\"canonical\" href=\"https:\/\/costaricatourismtransportation.com\/es\/barcos-de-pesca\/\" \/>\n<meta property=\"og:locale\" content=\"es_ES\" \/>\n<meta property=\"og:type\" content=\"article\" \/>\n<meta property=\"og:title\" content=\"Alquiler de barcos de pesca en Costa Rica - Pesca en la playa de Jaco\" \/>\n<meta property=\"og:description\" content=\"Alquiler de barcos de pesca en Costa Rica, durante el viaje, puede sentarse con el capit\u00e1n si lo desea, Cont\u00e1ctenos, Tours de pesca personalizados\" \/>\n<meta property=\"og:url\" content=\"https:\/\/costaricatourismtransportation.com\/es\/barcos-de-pesca\/\" \/>\n<meta property=\"og:site_name\" content=\"Costa Rica Private Trasnportation and Tours\" \/>\n<meta property=\"article:modified_time\" content=\"2020-09-24T21:06:39+00:00\" \/>\n<meta name=\"twitter:card\" content=\"summary_large_image\" \/>\n<meta name=\"twitter:label1\" content=\"Tiempo de lectura\" \/>\n\t<meta name=\"twitter:data1\" content=\"4 minutos\" \/>\n<script type=\"application\/ld+json\" class=\"yoast-schema-graph\">{\"@context\":\"https:\/\/schema.org\",\"@graph\":[{\"@type\":\"WebPage\",\"@id\":\"https:\/\/costaricatourismtransportation.com\/es\/barcos-de-pesca\/\",\"url\":\"https:\/\/costaricatourismtransportation.com\/es\/barcos-de-pesca\/\",\"name\":\"Alquiler de barcos de pesca en Costa Rica - Pesca en la playa de Jaco\",\"isPartOf\":{\"@id\":\"https:\/\/costaricatourismtransportation.com\/es\/#website\"},\"datePublished\":\"2014-02-12T14:48:52+00:00\",\"dateModified\":\"2020-09-24T21:06:39+00:00\",\"description\":\"Alquiler de barcos de pesca en Costa Rica, durante el viaje, puede sentarse con el capit\u00e1n si lo desea, Cont\u00e1ctenos, Tours de pesca personalizados\",\"breadcrumb\":{\"@id\":\"https:\/\/costaricatourismtransportation.com\/es\/barcos-de-pesca\/#breadcrumb\"},\"inLanguage\":\"es\",\"potentialAction\":[{\"@type\":\"ReadAction\",\"target\":[\"https:\/\/costaricatourismtransportation.com\/es\/barcos-de-pesca\/\"]}]},{\"@type\":\"BreadcrumbList\",\"@id\":\"https:\/\/costaricatourismtransportation.com\/es\/barcos-de-pesca\/#breadcrumb\",\"itemListElement\":[{\"@type\":\"ListItem\",\"position\":1,\"name\":\"Home\",\"item\":\"https:\/\/costaricatourismtransportation.com\/es\/\"},{\"@type\":\"ListItem\",\"position\":2,\"name\":\"Barcos de Pesca\"}]},{\"@type\":\"WebSite\",\"@id\":\"https:\/\/costaricatourismtransportation.com\/es\/#website\",\"url\":\"https:\/\/costaricatourismtransportation.com\/es\/\",\"name\":\"Costa Rica Private Trasnportation and Tours\",\"description\":\"Jaco Beach Transfers\",\"potentialAction\":[{\"@type\":\"SearchAction\",\"target\":{\"@type\":\"EntryPoint\",\"urlTemplate\":\"https:\/\/costaricatourismtransportation.com\/es\/?s={search_term_string}\"},\"query-input\":{\"@type\":\"PropertyValueSpecification\",\"valueRequired\":true,\"valueName\":\"search_term_string\"}}],\"inLanguage\":\"es\"}]}<\/script>\n<!-- \/ Yoast SEO plugin. -->","yoast_head_json":{"title":"Alquiler de barcos de pesca en Costa Rica - Pesca en la playa de Jaco","description":"Alquiler de barcos de pesca en Costa Rica, durante el viaje, puede sentarse con el capit\u00e1n si lo desea, Cont\u00e1ctenos, Tours de pesca personalizados","robots":{"index":"index","follow":"follow","max-snippet":"max-snippet:-1","max-image-preview":"max-image-preview:large","max-video-preview":"max-video-preview:-1"},"canonical":"https:\/\/costaricatourismtransportation.com\/es\/barcos-de-pesca\/","og_locale":"es_ES","og_type":"article","og_title":"Alquiler de barcos de pesca en Costa Rica - Pesca en la playa de Jaco","og_description":"Alquiler de barcos de pesca en Costa Rica, durante el viaje, puede sentarse con el capit\u00e1n si lo desea, Cont\u00e1ctenos, Tours de pesca personalizados","og_url":"https:\/\/costaricatourismtransportation.com\/es\/barcos-de-pesca\/","og_site_name":"Costa Rica Private Trasnportation and Tours","article_modified_time":"2020-09-24T21:06:39+00:00","twitter_card":"summary_large_image","twitter_misc":{"Tiempo de lectura":"4 minutos"},"schema":{"@context":"https:\/\/schema.org","@graph":[{"@type":"WebPage","@id":"https:\/\/costaricatourismtransportation.com\/es\/barcos-de-pesca\/","url":"https:\/\/costaricatourismtransportation.com\/es\/barcos-de-pesca\/","name":"Alquiler de barcos de pesca en Costa Rica - Pesca en la playa de Jaco","isPartOf":{"@id":"https:\/\/costaricatourismtransportation.com\/es\/#website"},"datePublished":"2014-02-12T14:48:52+00:00","dateModified":"2020-09-24T21:06:39+00:00","description":"Alquiler de barcos de pesca en Costa Rica, durante el viaje, puede sentarse con el capit\u00e1n si lo desea, Cont\u00e1ctenos, Tours de pesca personalizados","breadcrumb":{"@id":"https:\/\/costaricatourismtransportation.com\/es\/barcos-de-pesca\/#breadcrumb"},"inLanguage":"es","potentialAction":[{"@type":"ReadAction","target":["https:\/\/costaricatourismtransportation.com\/es\/barcos-de-pesca\/"]}]},{"@type":"BreadcrumbList","@id":"https:\/\/costaricatourismtransportation.com\/es\/barcos-de-pesca\/#breadcrumb","itemListElement":[{"@type":"ListItem","position":1,"name":"Home","item":"https:\/\/costaricatourismtransportation.com\/es\/"},{"@type":"ListItem","position":2,"name":"Barcos de Pesca"}]},{"@type":"WebSite","@id":"https:\/\/costaricatourismtransportation.com\/es\/#website","url":"https:\/\/costaricatourismtransportation.com\/es\/","name":"Costa Rica Private Trasnportation and Tours","description":"Jaco Beach Transfers","potentialAction":[{"@type":"SearchAction","target":{"@type":"EntryPoint","urlTemplate":"https:\/\/costaricatourismtransportation.com\/es\/?s={search_term_string}"},"query-input":{"@type":"PropertyValueSpecification","valueRequired":true,"valueName":"search_term_string"}}],"inLanguage":"es"}]}},"jetpack_sharing_enabled":true,"jetpack_shortlink":"https:\/\/wp.me\/P7Ar4B-1rC","_links":{"self":[{"href":"https:\/\/costaricatourismtransportation.com\/es\/wp-json\/wp\/v2\/pages\/5556","targetHints":{"allow":["GET"]}}],"collection":[{"href":"https:\/\/costaricatourismtransportation.com\/es\/wp-json\/wp\/v2\/pages"}],"about":[{"href":"https:\/\/costaricatourismtransportation.com\/es\/wp-json\/wp\/v2\/types\/page"}],"author":[{"embeddable":true,"href":"https:\/\/costaricatourismtransportation.com\/es\/wp-json\/wp\/v2\/users\/2"}],"replies":[{"embeddable":true,"href":"https:\/\/costaricatourismtransportation.com\/es\/wp-json\/wp\/v2\/comments?post=5556"}],"version-history":[{"count":5,"href":"https:\/\/costaricatourismtransportation.com\/es\/wp-json\/wp\/v2\/pages\/5556\/revisions"}],"predecessor-version":[{"id":5565,"href":"https:\/\/costaricatourismtransportation.com\/es\/wp-json\/wp\/v2\/pages\/5556\/revisions\/5565"}],"wp:attachment":[{"href":"https:\/\/costaricatourismtransportation.com\/es\/wp-json\/wp\/v2\/media?parent=5556"}],"curies":[{"name":"wp","href":"https:\/\/api.w.org\/{rel}","templated":true}]}}