{"id":5569,"date":"2014-02-12T06:45:05","date_gmt":"2014-02-12T13:45:05","guid":{"rendered":"https:\/\/costaricatourismtransportation.com\/about-us\/"},"modified":"2020-09-24T21:16:53","modified_gmt":"2020-09-24T21:16:53","slug":"sobre-nosotros","status":"publish","type":"page","link":"https:\/\/costaricatourismtransportation.com\/es\/sobre-nosotros\/","title":{"rendered":"Sobre nosotros"},"content":{"rendered":"<p>[et_pb_section fb_built=\u00bb1&#8243; fullwidth=\u00bbon\u00bb custom_padding_last_edited=\u00bbon|desktop\u00bb admin_label=\u00bbsection\u00bb _builder_version=\u00bb3.22&#8243; background_color=\u00bbrgba(255,255,255,0.01)\u00bb background_image=\u00bbhttps:\/\/costaricatourismtransportation.com\/wp-content\/uploads\/2014\/02\/costaricacuchitransfers.jpg\u00bb custom_padding_tablet=\u00bb50px|0|50px|0&#8243; transparent_background=\u00bboff\u00bb padding_mobile=\u00bboff\u00bb make_fullwidth=\u00bboff\u00bb use_custom_width=\u00bboff\u00bb width_unit=\u00bbon\u00bb][et_pb_fullwidth_slider admin_label=\u00bbFullwidth Slider\u00bb _builder_version=\u00bb4.6.3&#8243; parallax=\u00bbon\u00bb custom_padding=\u00bb|||\u00bb custom_padding_tablet=\u00bb|||\u00bb custom_padding_phone=\u00bb|||\u00bb hover_enabled=\u00bb0&#8243; box_shadow_style=\u00bbpreset6&#8243; box_shadow_blur=\u00bb10px\u00bb box_shadow_color=\u00bbrgba(0,0,0,0.1)\u00bb button_letter_spacing_hover=\u00bb0&#8243; remove_inner_shadow=\u00bboff\u00bb hide_content_on_mobile=\u00bboff\u00bb hide_cta_on_mobile=\u00bboff\u00bb show_inner_shadow=\u00bbon\u00bb button_text_size__hover_enabled=\u00bboff\u00bb button_one_text_size__hover_enabled=\u00bboff\u00bb button_two_text_size__hover_enabled=\u00bboff\u00bb button_text_color__hover_enabled=\u00bboff\u00bb button_one_text_color__hover_enabled=\u00bboff\u00bb button_two_text_color__hover_enabled=\u00bboff\u00bb button_border_width__hover_enabled=\u00bboff\u00bb button_one_border_width__hover_enabled=\u00bboff\u00bb button_two_border_width__hover_enabled=\u00bboff\u00bb button_border_color__hover_enabled=\u00bboff\u00bb button_one_border_color__hover_enabled=\u00bboff\u00bb button_two_border_color__hover_enabled=\u00bboff\u00bb button_border_radius__hover_enabled=\u00bboff\u00bb button_one_border_radius__hover_enabled=\u00bboff\u00bb button_two_border_radius__hover_enabled=\u00bboff\u00bb button_letter_spacing__hover_enabled=\u00bbon\u00bb button_letter_spacing__hover=\u00bb0&#8243; button_one_letter_spacing__hover_enabled=\u00bboff\u00bb button_two_letter_spacing__hover_enabled=\u00bboff\u00bb button_bg_color__hover_enabled=\u00bboff\u00bb button_one_bg_color__hover_enabled=\u00bboff\u00bb button_two_bg_color__hover_enabled=\u00bboff\u00bb sticky_enabled=\u00bb0&#8243;][et_pb_slide heading=\u00bbOur Company\u00bb button_text=\u00bbCont\u00e1ctenos\u00bb button_link=\u00bbhttps:\/\/costaricatourismtransportation.com\/es\/contacto\/\u00bb use_bg_overlay=\u00bboff\u00bb use_text_overlay=\u00bboff\u00bb _builder_version=\u00bb4.6.3&#8243; header_font=\u00bb||||\u00bb body_font=\u00bb||||\u00bb background_color=\u00bbrgba(30,115,190,0)\u00bb button_icon_placement=\u00bbright\u00bb button_on_hover=\u00bbon\u00bb hover_enabled=\u00bb0&#8243; sticky_transition=\u00bbon\u00bb button_text_size__hover_enabled=\u00bboff\u00bb button_one_text_size__hover_enabled=\u00bboff\u00bb button_two_text_size__hover_enabled=\u00bboff\u00bb button_text_color__hover_enabled=\u00bboff\u00bb button_one_text_color__hover_enabled=\u00bboff\u00bb button_two_text_color__hover_enabled=\u00bboff\u00bb button_border_width__hover_enabled=\u00bboff\u00bb button_one_border_width__hover_enabled=\u00bboff\u00bb button_two_border_width__hover_enabled=\u00bboff\u00bb button_border_color__hover_enabled=\u00bboff\u00bb button_one_border_color__hover_enabled=\u00bboff\u00bb button_two_border_color__hover_enabled=\u00bboff\u00bb button_border_radius__hover_enabled=\u00bboff\u00bb button_one_border_radius__hover_enabled=\u00bboff\u00bb button_two_border_radius__hover_enabled=\u00bboff\u00bb button_letter_spacing__hover_enabled=\u00bboff\u00bb button_one_letter_spacing__hover_enabled=\u00bboff\u00bb button_two_letter_spacing__hover_enabled=\u00bboff\u00bb button_bg_color__hover_enabled=\u00bboff\u00bb button_one_bg_color__hover_enabled=\u00bboff\u00bb button_two_bg_color__hover_enabled=\u00bboff\u00bb sticky_enabled=\u00bb0&#8243;]<\/p>\n<p>M\u00e1s que una empresa de transporte tur\u00edstico, somos personas reales a las que les encanta compartir, ofrecer lo mejor que un conductor puede ofrecer.<\/p>\n<p>[\/et_pb_slide][\/et_pb_fullwidth_slider][\/et_pb_section][et_pb_section fb_built=\u00bb1&#8243; admin_label=\u00bbsection\u00bb _builder_version=\u00bb3.22&#8243;][et_pb_row admin_label=\u00bbrow\u00bb _builder_version=\u00bb3.25&#8243; background_size=\u00bbinitial\u00bb background_position=\u00bbtop_left\u00bb background_repeat=\u00bbrepeat\u00bb column_structure=\u00bb1_4,1_4,1_4,1_4&#8243;][et_pb_column type=\u00bb1_4&#8243; _builder_version=\u00bb3.25&#8243; custom_padding=\u00bb|||\u00bb custom_padding__hover=\u00bb|||\u00bb][et_pb_blurb title=\u00bbTraslados privados\u00bb use_icon=\u00bbon\u00bb font_icon=\u00bb\ue00e\u00bb icon_color=\u00bb#7c8d9b\u00bb admin_label=\u00bbBlurb\u00bb _builder_version=\u00bb4.6.3&#8243; background_size=\u00bbinitial\u00bb background_position=\u00bbtop_left\u00bb background_repeat=\u00bbrepeat\u00bb text_orientation=\u00bbcenter\u00bb hover_enabled=\u00bb0&#8243; use_border_color=\u00bboff\u00bb border_color=\u00bb#ffffff\u00bb border_style=\u00bbsolid\u00bb sticky_enabled=\u00bb0&#8243;]<\/p>\n<p>Nuestra especialidad y devoci\u00f3n es hacer que su viaje sea inolvidable. Hacemos esto con gran placer y estaremos encantados de ayudarle con sus planes de viaje.<\/p>\n<p>[\/et_pb_blurb][\/et_pb_column][et_pb_column type=\u00bb1_4&#8243; _builder_version=\u00bb3.25&#8243; custom_padding=\u00bb|||\u00bb custom_padding__hover=\u00bb|||\u00bb][et_pb_blurb title=\u00bbSeguro y econ\u00f3mico\u00bb use_icon=\u00bbon\u00bb font_icon=\u00bb\ue070\u00bb icon_color=\u00bb#7c8d9b\u00bb admin_label=\u00bbBlurb\u00bb _builder_version=\u00bb4.6.3&#8243; background_size=\u00bbinitial\u00bb background_position=\u00bbtop_left\u00bb background_repeat=\u00bbrepeat\u00bb text_orientation=\u00bbcenter\u00bb hover_enabled=\u00bb0&#8243; use_border_color=\u00bboff\u00bb border_color=\u00bb#ffffff\u00bb border_style=\u00bbsolid\u00bb sticky_enabled=\u00bb0&#8243;]<\/p>\n<p>\u00a1La empresa de transferencia m\u00e1s confiable y seria de Costa Rica! Llevamos a\u00f1os brindando soluciones de transporte seguras y econ\u00f3micas<\/p>\n<p>[\/et_pb_blurb][\/et_pb_column][et_pb_column type=\u00bb1_4&#8243; _builder_version=\u00bb3.25&#8243; custom_padding=\u00bb|||\u00bb custom_padding__hover=\u00bb|||\u00bb][et_pb_blurb title=\u00bbSolucionadores de problemas\u00bb use_icon=\u00bbon\u00bb font_icon=\u00bb\ue038\u00bb icon_color=\u00bb#7c8d9b\u00bb admin_label=\u00bbBlurb\u00bb _builder_version=\u00bb4.6.3&#8243; background_size=\u00bbinitial\u00bb background_position=\u00bbtop_left\u00bb background_repeat=\u00bbrepeat\u00bb text_orientation=\u00bbcenter\u00bb hover_enabled=\u00bb0&#8243; use_border_color=\u00bboff\u00bb border_color=\u00bb#ffffff\u00bb border_style=\u00bbsolid\u00bb sticky_enabled=\u00bb0&#8243;]<\/p>\n<p>Entendemos que su tiempo de vacaciones es muy importante y valioso, es por eso que ofrecemos la vasta experiencia de nuestros conductores para que no tenga que pasar sus vacaciones esperando.<\/p>\n<p>[\/et_pb_blurb][\/et_pb_column][et_pb_column type=\u00bb1_4&#8243; _builder_version=\u00bb3.25&#8243; custom_padding=\u00bb|||\u00bb custom_padding__hover=\u00bb|||\u00bb][et_pb_blurb title=\u00bbAtenci\u00f3n al cliente\u00bb use_icon=\u00bbon\u00bb font_icon=\u00bb\ue028\u00bb icon_color=\u00bb#7c8d9b\u00bb admin_label=\u00bbBlurb\u00bb _builder_version=\u00bb4.6.3&#8243; background_size=\u00bbinitial\u00bb background_position=\u00bbtop_left\u00bb background_repeat=\u00bbrepeat\u00bb text_orientation=\u00bbcenter\u00bb hover_enabled=\u00bb0&#8243; use_border_color=\u00bboff\u00bb border_color=\u00bb#ffffff\u00bb border_style=\u00bbsolid\u00bb sticky_enabled=\u00bb0&#8243;]<\/p>\n<p>Hemos reunido un personal incre\u00edble que consta de conductores y agentes de viajes altamente capacitados que brindan el mejor servicio al cliente que podr\u00eda solicitar.<\/p>\n<p>[\/et_pb_blurb][\/et_pb_column][\/et_pb_row][\/et_pb_section][et_pb_section fb_built=\u00bb1&#8243; inner_shadow=\u00bbon\u00bb admin_label=\u00bbsection\u00bb _builder_version=\u00bb3.22&#8243; background_color=\u00bb#f7f7f7&#8243;][et_pb_row admin_label=\u00bbrow\u00bb _builder_version=\u00bb3.25&#8243; background_size=\u00bbinitial\u00bb background_position=\u00bbtop_left\u00bb background_repeat=\u00bbrepeat\u00bb column_structure=\u00bb1_3,2_3&#8243;][et_pb_column type=\u00bb1_3&#8243; _builder_version=\u00bb3.25&#8243; custom_padding=\u00bb|||\u00bb custom_padding__hover=\u00bb|||\u00bb][et_pb_text admin_label=\u00bbText\u00bb _builder_version=\u00bb4.6.3&#8243; background_size=\u00bbinitial\u00bb background_position=\u00bbtop_left\u00bb background_repeat=\u00bbrepeat\u00bb hover_enabled=\u00bb0&#8243; use_border_color=\u00bboff\u00bb border_color=\u00bb#ffffff\u00bb border_style=\u00bbsolid\u00bb sticky_enabled=\u00bb0&#8243;]<\/p>\n<h2>Nuestra historia<\/h2>\n<p>Muchos viajeros no conf\u00edan en conducir en pa\u00edses extranjeros debido a la falta de buenas carreteras, de una se\u00f1alizaci\u00f3n vial adecuada y del estr\u00e9s general relacionado con la conducci\u00f3n, es por eso que puede confiar en el conocimiento de nuestros conductores de cada rinc\u00f3n del pa\u00eds. Podemos ofrecerle recogerlo en su hotel o en cualquier punto de partida con anticipaci\u00f3n y llevarlo a su destino.<\/p>\n<p>[\/et_pb_text][\/et_pb_column][et_pb_column type=\u00bb2_3&#8243; _builder_version=\u00bb3.25&#8243; custom_padding=\u00bb|||\u00bb custom_padding__hover=\u00bb|||\u00bb][et_pb_text admin_label=\u00bbText\u00bb _builder_version=\u00bb4.6.3&#8243; background_size=\u00bbinitial\u00bb background_position=\u00bbtop_left\u00bb background_repeat=\u00bbrepeat\u00bb hover_enabled=\u00bb0&#8243; use_border_color=\u00bboff\u00bb border_color=\u00bb#ffffff\u00bb border_style=\u00bbsolid\u00bb sticky_enabled=\u00bb0&#8243;]<iframe class=\"lazyload\" data-src=\"\/\/www.youtube.com\/embed\/lJKjUQ6AXfQ\" width=\"330\" height=\"150\" frameborder=\"0\" allowfullscreen=\"allowfullscreen\"><\/iframe><br \/>\n[\/et_pb_text][\/et_pb_column][\/et_pb_row][\/et_pb_section][et_pb_section fb_built=\u00bb1&#8243; admin_label=\u00bbsection\u00bb _builder_version=\u00bb3.22&#8243;][et_pb_row admin_label=\u00bbrow\u00bb _builder_version=\u00bb3.25&#8243; background_size=\u00bbinitial\u00bb background_position=\u00bbtop_left\u00bb background_repeat=\u00bbrepeat\u00bb column_structure=\u00bb1_3,1_3,1_3&#8243;][et_pb_column type=\u00bb1_3&#8243; _builder_version=\u00bb3.25&#8243; custom_padding=\u00bb|||\u00bb custom_padding__hover=\u00bb|||\u00bb][et_pb_team_member name=\u00bbLuis Guillen\u00bb position=\u00bbEmpresa CEO, Due\u00f1o\u00bb image_url=\u00bbhttps:\/\/costaricatourismtransportation.com\/wp-content\/uploads\/2014\/02\/Luis.jpg\u00bb facebook_url=\u00bb#\u00bb twitter_url=\u00bb#\u00bb google_url=\u00bb#\u00bb linkedin_url=\u00bb#\u00bb admin_label=\u00bbTeam Member\u00bb _builder_version=\u00bb4.6.3&#8243; background_size=\u00bbinitial\u00bb background_position=\u00bbtop_left\u00bb background_repeat=\u00bbrepeat\u00bb animation=\u00bbfade_in\u00bb hover_enabled=\u00bb0&#8243; use_border_color=\u00bboff\u00bb border_color=\u00bb#ffffff\u00bb border_style=\u00bbsolid\u00bb sticky_enabled=\u00bb0&#8243;][\/et_pb_team_member][\/et_pb_column][et_pb_column type=\u00bb1_3&#8243; _builder_version=\u00bb3.25&#8243; custom_padding=\u00bb|||\u00bb custom_padding__hover=\u00bb|||\u00bb][et_pb_team_member name=\u00bbJorge Mora\u00bb position=\u00bbGu\u00eda tur\u00edstico\u00bb image_url=\u00bbhttps:\/\/costaricatourismtransportation.com\/wp-content\/uploads\/2014\/02\/Jorge-Mora.jpg\u00bb facebook_url=\u00bb#\u00bb twitter_url=\u00bb#\u00bb google_url=\u00bb#\u00bb linkedin_url=\u00bb#\u00bb admin_label=\u00bbTeam Member\u00bb _builder_version=\u00bb4.6.3&#8243; background_size=\u00bbinitial\u00bb background_position=\u00bbtop_left\u00bb background_repeat=\u00bbrepeat\u00bb animation=\u00bbfade_in\u00bb hover_enabled=\u00bb0&#8243; use_border_color=\u00bboff\u00bb border_color=\u00bb#ffffff\u00bb border_style=\u00bbsolid\u00bb sticky_enabled=\u00bb0&#8243;][\/et_pb_team_member][\/et_pb_column][et_pb_column type=\u00bb1_3&#8243; _builder_version=\u00bb3.25&#8243; custom_padding=\u00bb|||\u00bb custom_padding__hover=\u00bb|||\u00bb][et_pb_team_member name=\u00bbClaudio Arguero\u00bb position=\u00bbConductor\u00bb image_url=\u00bbhttps:\/\/costaricatourismtransportation.com\/wp-content\/uploads\/2014\/02\/Claudio.jpg\u00bb facebook_url=\u00bb#\u00bb twitter_url=\u00bb#\u00bb google_url=\u00bb#\u00bb linkedin_url=\u00bb#\u00bb admin_label=\u00bbTeam Member\u00bb _builder_version=\u00bb4.6.3&#8243; background_size=\u00bbinitial\u00bb background_position=\u00bbtop_left\u00bb background_repeat=\u00bbrepeat\u00bb animation=\u00bbfade_in\u00bb hover_enabled=\u00bb0&#8243; use_border_color=\u00bboff\u00bb border_color=\u00bb#ffffff\u00bb border_style=\u00bbsolid\u00bb sticky_enabled=\u00bb0&#8243;][\/et_pb_team_member][\/et_pb_column][\/et_pb_row][\/et_pb_section]<\/p>\n","protected":false},"excerpt":{"rendered":"<p>M\u00e1s que una empresa de transporte tur\u00edstico, somos personas reales a las que les encanta compartir, ofrecer lo mejor que un conductor puede ofrecer. Nuestra especialidad y devoci\u00f3n es hacer que su viaje sea inolvidable. Hacemos esto con gran placer y estaremos encantados de ayudarle con sus planes de viaje. \u00a1La empresa de transferencia m\u00e1s [&hellip;]<\/p>\n","protected":false},"author":2,"featured_media":0,"parent":0,"menu_order":0,"comment_status":"closed","ping_status":"open","template":"","meta":{"_et_pb_use_builder":"on","_et_pb_old_content":"<img src=\"https:\/\/costaricatourismtransportation.com\/images\/logo.png\" alt=\"logo\" align=\"none\" \/>\r\n\r\nMore than a tourist transport company, we are real people who love to share, Offer the best a driver can offer. Our specialty and devotion is to make sure your trip unforgettable. We do this with great pleasure, and we are happy to assist you with your travel plans.\r\n<h4>CUCHISAPO OR FROG FISH<\/h4>\r\nMany public aquariums around the world keep frogfish. Frogfish are also available privately from appropriate specialty shops and websites. Though they are prized for their unique appearance, they are not easy to keep for a number of reasons.\r\n\r\nThey often refuse food or become very fat when they do accept it. Furthermore, they must usually be kept alone as they will eat anything up to twice their size, including other frogfish, even potential mates. Also, as they can change their coloration, many lose the bright patterns they have initially, especially when kept in empty or more dull-colored tanks as opposed to the bright coral environments they are used to.\r\n\r\nThough frogfish have been observed to spawn in captivity, captive breeding is difficult.\r\n\r\nIt is currently not known how to sex most species without dissection so keeping an appropriate pair together raises problems. Furthermore even if they do spawn, raising fry through the planktonic phase is very difficult because the larval fish require extremely tiny live food and must be protected from other predatory fish.\r\n<iframe src=\"\/\/www.youtube.com\/embed\/lJKjUQ6AXfQ\" width=\"560\" height=\"315\" frameborder=\"0\" allowfullscreen=\"allowfullscreen\"><\/iframe>\r\n<h1>About Us<\/h1>\r\nThe most dependable and serious transfer company in Costa Rica ! We have been providing safe and economic transportation solutions for years and have made our main goal to fulfill our customers expectations.\r\n\r\nMany travelers are not confident in driving in foreign countries because of lack of good roads, of proper road signaling, and of overall stress related to driving, that is why you can depend on our drivers knowledge of every corner of the country. We can offer to pick you up at your hotel or any departure point pre schedule and take you to your destination.\r\n\r\nWe understand your vacation time is very important and precious, that is why we offer the vast expertise of our drivers so you do not have to spend your vacation time waiting to board a scheduled local flight, or ending driving in a car rental more than necessary or getting directions if you get lost.","_et_gb_content_width":"","jetpack_post_was_ever_published":false,"footnotes":""},"class_list":["post-5569","page","type-page","status-publish","hentry"],"yoast_head":"<!-- This site is optimized with the Yoast SEO plugin v26.9 - https:\/\/yoast.com\/product\/yoast-seo-wordpress\/ -->\n<title>About Us<\/title>\n<meta name=\"description\" content=\"About Us\" \/>\n<meta name=\"robots\" content=\"noindex, follow\" \/>\n<meta property=\"og:locale\" content=\"es_ES\" \/>\n<meta property=\"og:type\" content=\"article\" \/>\n<meta property=\"og:title\" content=\"About Us\" \/>\n<meta property=\"og:description\" content=\"About Us\" \/>\n<meta property=\"og:url\" content=\"https:\/\/costaricatourismtransportation.com\/es\/sobre-nosotros\/\" \/>\n<meta property=\"og:site_name\" content=\"Costa Rica Private Trasnportation and Tours\" \/>\n<meta property=\"article:modified_time\" content=\"2020-09-24T21:16:53+00:00\" \/>\n<meta name=\"twitter:card\" content=\"summary_large_image\" \/>\n<meta name=\"twitter:label1\" content=\"Tiempo de lectura\" \/>\n\t<meta name=\"twitter:data1\" content=\"7 minutos\" \/>\n<script type=\"application\/ld+json\" class=\"yoast-schema-graph\">{\"@context\":\"https:\/\/schema.org\",\"@graph\":[{\"@type\":\"WebPage\",\"@id\":\"https:\/\/costaricatourismtransportation.com\/es\/sobre-nosotros\/\",\"url\":\"https:\/\/costaricatourismtransportation.com\/es\/sobre-nosotros\/\",\"name\":\"About Us\",\"isPartOf\":{\"@id\":\"https:\/\/costaricatourismtransportation.com\/es\/#website\"},\"datePublished\":\"2014-02-12T13:45:05+00:00\",\"dateModified\":\"2020-09-24T21:16:53+00:00\",\"description\":\"About Us\",\"breadcrumb\":{\"@id\":\"https:\/\/costaricatourismtransportation.com\/es\/sobre-nosotros\/#breadcrumb\"},\"inLanguage\":\"es\",\"potentialAction\":[{\"@type\":\"ReadAction\",\"target\":[\"https:\/\/costaricatourismtransportation.com\/es\/sobre-nosotros\/\"]}]},{\"@type\":\"BreadcrumbList\",\"@id\":\"https:\/\/costaricatourismtransportation.com\/es\/sobre-nosotros\/#breadcrumb\",\"itemListElement\":[{\"@type\":\"ListItem\",\"position\":1,\"name\":\"Home\",\"item\":\"https:\/\/costaricatourismtransportation.com\/es\/\"},{\"@type\":\"ListItem\",\"position\":2,\"name\":\"Sobre nosotros\"}]},{\"@type\":\"WebSite\",\"@id\":\"https:\/\/costaricatourismtransportation.com\/es\/#website\",\"url\":\"https:\/\/costaricatourismtransportation.com\/es\/\",\"name\":\"Costa Rica Private Trasnportation and Tours\",\"description\":\"Jaco Beach Transfers\",\"potentialAction\":[{\"@type\":\"SearchAction\",\"target\":{\"@type\":\"EntryPoint\",\"urlTemplate\":\"https:\/\/costaricatourismtransportation.com\/es\/?s={search_term_string}\"},\"query-input\":{\"@type\":\"PropertyValueSpecification\",\"valueRequired\":true,\"valueName\":\"search_term_string\"}}],\"inLanguage\":\"es\"}]}<\/script>\n<!-- \/ Yoast SEO plugin. -->","yoast_head_json":{"title":"About Us","description":"About Us","robots":{"index":"noindex","follow":"follow"},"og_locale":"es_ES","og_type":"article","og_title":"About Us","og_description":"About Us","og_url":"https:\/\/costaricatourismtransportation.com\/es\/sobre-nosotros\/","og_site_name":"Costa Rica Private Trasnportation and Tours","article_modified_time":"2020-09-24T21:16:53+00:00","twitter_card":"summary_large_image","twitter_misc":{"Tiempo de lectura":"7 minutos"},"schema":{"@context":"https:\/\/schema.org","@graph":[{"@type":"WebPage","@id":"https:\/\/costaricatourismtransportation.com\/es\/sobre-nosotros\/","url":"https:\/\/costaricatourismtransportation.com\/es\/sobre-nosotros\/","name":"About Us","isPartOf":{"@id":"https:\/\/costaricatourismtransportation.com\/es\/#website"},"datePublished":"2014-02-12T13:45:05+00:00","dateModified":"2020-09-24T21:16:53+00:00","description":"About Us","breadcrumb":{"@id":"https:\/\/costaricatourismtransportation.com\/es\/sobre-nosotros\/#breadcrumb"},"inLanguage":"es","potentialAction":[{"@type":"ReadAction","target":["https:\/\/costaricatourismtransportation.com\/es\/sobre-nosotros\/"]}]},{"@type":"BreadcrumbList","@id":"https:\/\/costaricatourismtransportation.com\/es\/sobre-nosotros\/#breadcrumb","itemListElement":[{"@type":"ListItem","position":1,"name":"Home","item":"https:\/\/costaricatourismtransportation.com\/es\/"},{"@type":"ListItem","position":2,"name":"Sobre nosotros"}]},{"@type":"WebSite","@id":"https:\/\/costaricatourismtransportation.com\/es\/#website","url":"https:\/\/costaricatourismtransportation.com\/es\/","name":"Costa Rica Private Trasnportation and Tours","description":"Jaco Beach Transfers","potentialAction":[{"@type":"SearchAction","target":{"@type":"EntryPoint","urlTemplate":"https:\/\/costaricatourismtransportation.com\/es\/?s={search_term_string}"},"query-input":{"@type":"PropertyValueSpecification","valueRequired":true,"valueName":"search_term_string"}}],"inLanguage":"es"}]}},"jetpack_sharing_enabled":true,"jetpack_shortlink":"https:\/\/wp.me\/P7Ar4B-1rP","_links":{"self":[{"href":"https:\/\/costaricatourismtransportation.com\/es\/wp-json\/wp\/v2\/pages\/5569","targetHints":{"allow":["GET"]}}],"collection":[{"href":"https:\/\/costaricatourismtransportation.com\/es\/wp-json\/wp\/v2\/pages"}],"about":[{"href":"https:\/\/costaricatourismtransportation.com\/es\/wp-json\/wp\/v2\/types\/page"}],"author":[{"embeddable":true,"href":"https:\/\/costaricatourismtransportation.com\/es\/wp-json\/wp\/v2\/users\/2"}],"replies":[{"embeddable":true,"href":"https:\/\/costaricatourismtransportation.com\/es\/wp-json\/wp\/v2\/comments?post=5569"}],"version-history":[{"count":2,"href":"https:\/\/costaricatourismtransportation.com\/es\/wp-json\/wp\/v2\/pages\/5569\/revisions"}],"predecessor-version":[{"id":5591,"href":"https:\/\/costaricatourismtransportation.com\/es\/wp-json\/wp\/v2\/pages\/5569\/revisions\/5591"}],"wp:attachment":[{"href":"https:\/\/costaricatourismtransportation.com\/es\/wp-json\/wp\/v2\/media?parent=5569"}],"curies":[{"name":"wp","href":"https:\/\/api.w.org\/{rel}","templated":true}]}}